{"id":4853,"date":"2026-02-05T15:39:50","date_gmt":"2026-02-05T15:39:50","guid":{"rendered":"https:\/\/lopezinmobiliaria.com\/?post_type=product&#038;p=4853"},"modified":"2026-02-05T15:39:50","modified_gmt":"2026-02-05T15:39:50","slug":"vendo-lote-en-villa-animi-calle-el-cedro-2","status":"publish","type":"product","link":"https:\/\/lopezinmobiliaria.com\/index.php\/producto\/vendo-lote-en-villa-animi-calle-el-cedro-2\/","title":{"rendered":"Vendo lote en Villa Animi | calle El Cedro"},"content":{"rendered":"<p>\ud83d\udccdUBICACI\u00d3N: sobre calle Cedro a 150 metros de la ruta E-53.<br \/>\n\ud83c\udf33 Se ofrecen tres lotes contiguos que hacen una superficie de 840 mts2 (24 x 35).<br \/>\n\ud83c\udf33 Servicios en puerta<br \/>\n\ud83d\udcdc Papeles : escritura inmediata e impuestos al d\u00eda.<br \/>\n\u2714\ufe0f Precio USD 17.000<br \/>\n\u260e\ufe0fPara m\u00e1s informaci\u00f3n o para coordinar una visita comun\u00edcate al 3525 646307.<\/p>\n","protected":false},"excerpt":{"rendered":"<p>\ud83d\udccdUBICACI\u00d3N: sobre calle Cedro a 150 metros de la ruta E-53. \ud83c\udf33 Se ofrecen tres lotes contiguos que hacen una superficie de 840 mts2 (24 x 35). \ud83c\udf33 Servicios en puerta \ud83d\udcdc Papeles : escritura inmediata e impuestos al d\u00eda. \u2714\ufe0f Precio USD 17.000 \u260e\ufe0fPara m\u00e1s informaci\u00f3n o para coordinar una visita comun\u00edcate al 3525 [&hellip;]<\/p>\n","protected":false},"featured_media":4855,"comment_status":"open","ping_status":"closed","template":"","meta":{"_et_pb_use_builder":"","_et_pb_old_content":"","_et_gb_content_width":""},"product_brand":[],"product_cat":[21],"product_tag":[],"class_list":{"0":"post-4853","1":"product","2":"type-product","3":"status-publish","4":"has-post-thumbnail","6":"product_cat-lotes","8":"first","9":"instock","10":"shipping-taxable","11":"purchasable","12":"product-type-simple"},"_links":{"self":[{"href":"https:\/\/lopezinmobiliaria.com\/index.php\/wp-json\/wp\/v2\/product\/4853","targetHints":{"allow":["GET"]}}],"collection":[{"href":"https:\/\/lopezinmobiliaria.com\/index.php\/wp-json\/wp\/v2\/product"}],"about":[{"href":"https:\/\/lopezinmobiliaria.com\/index.php\/wp-json\/wp\/v2\/types\/product"}],"replies":[{"embeddable":true,"href":"https:\/\/lopezinmobiliaria.com\/index.php\/wp-json\/wp\/v2\/comments?post=4853"}],"wp:featuredmedia":[{"embeddable":true,"href":"https:\/\/lopezinmobiliaria.com\/index.php\/wp-json\/wp\/v2\/media\/4855"}],"wp:attachment":[{"href":"https:\/\/lopezinmobiliaria.com\/index.php\/wp-json\/wp\/v2\/media?parent=4853"}],"wp:term":[{"taxonomy":"product_brand","embeddable":true,"href":"https:\/\/lopezinmobiliaria.com\/index.php\/wp-json\/wp\/v2\/product_brand?post=4853"},{"taxonomy":"product_cat","embeddable":true,"href":"https:\/\/lopezinmobiliaria.com\/index.php\/wp-json\/wp\/v2\/product_cat?post=4853"},{"taxonomy":"product_tag","embeddable":true,"href":"https:\/\/lopezinmobiliaria.com\/index.php\/wp-json\/wp\/v2\/product_tag?post=4853"}],"curies":[{"name":"wp","href":"https:\/\/api.w.org\/{rel}","templated":true}]}}