{"id":4848,"date":"2026-02-05T15:24:17","date_gmt":"2026-02-05T15:24:17","guid":{"rendered":"https:\/\/lopezinmobiliaria.com\/?post_type=product&#038;p=4848"},"modified":"2026-02-05T15:24:17","modified_gmt":"2026-02-05T15:24:17","slug":"vendo-casa-en-la-granja-calle-el-cedron-2","status":"publish","type":"product","link":"https:\/\/lopezinmobiliaria.com\/index.php\/producto\/vendo-casa-en-la-granja-calle-el-cedron-2\/","title":{"rendered":"Vendo casa en La Granja | calle El Cedr\u00f3n"},"content":{"rendered":"<p>\ud83d\udccd UBICACI\u00d3N: calle El Cedron a 800 mts de la ruta E-53, B\u00b0 Colinas de La Granja.<br \/>\n\ud83c\udfe1SUP. CUBIERTA:\u00a0 310 mts. Cubiertos.<br \/>\n\ud83c\udfe1DISTRIBUCI\u00d3N: Esta propiedad est\u00e1 formada por dos viviendas. \ud83d\udd38\ufe0fPrimero: una casa compuesta por una kichenette, un comedor, ante ba\u00f1o, ba\u00f1o, una habitaci\u00f3n, una galer\u00eda, un quincho con asador en la punta y capacidad para un veh\u00edculo.\ud83d\udd38\ufe0fCasa Principal: Galer\u00eda abierta con asador y una bell\u00edsima vista a las sierras. Cocina, lavadero, livig, comedor, un ba\u00f1o social y dos habitaciones de las cuales una tiene ba\u00f1o privado. \ud83d\udd38\ufe0fAdem\u00e1s una hermosa pileta.<br \/>\n\ud83c\udf33SUP. LOTE: 4000 mts2, cerrado en todo su per\u00edmetro y con salida a una calle paralela: calle Los Tilos. En su ingreso hay tres tranqueras\u00a0 de madera y pircas de piedra.<br \/>\n\ud83d\udcdc Escritura perfecta<br \/>\n\ud83d\udcb0 Precio: USD 250.000<\/p>\n","protected":false},"excerpt":{"rendered":"<p>\ud83d\udccd UBICACI\u00d3N: calle El Cedron a 800 mts de la ruta E-53, B\u00b0 Colinas de La Granja. \ud83c\udfe1SUP. CUBIERTA:\u00a0 310 mts. Cubiertos. \ud83c\udfe1DISTRIBUCI\u00d3N: Esta propiedad est\u00e1 formada por dos viviendas. \ud83d\udd38\ufe0fPrimero: una casa compuesta por una kichenette, un comedor, ante ba\u00f1o, ba\u00f1o, una habitaci\u00f3n, una galer\u00eda, un quincho con asador en la punta y capacidad [&hellip;]<\/p>\n","protected":false},"featured_media":4849,"comment_status":"open","ping_status":"closed","template":"","meta":{"_et_pb_use_builder":"","_et_pb_old_content":"","_et_gb_content_width":""},"product_brand":[],"product_cat":[20],"product_tag":[],"class_list":{"0":"post-4848","1":"product","2":"type-product","3":"status-publish","4":"has-post-thumbnail","6":"product_cat-casas","8":"first","9":"instock","10":"shipping-taxable","11":"purchasable","12":"product-type-simple"},"_links":{"self":[{"href":"https:\/\/lopezinmobiliaria.com\/index.php\/wp-json\/wp\/v2\/product\/4848","targetHints":{"allow":["GET"]}}],"collection":[{"href":"https:\/\/lopezinmobiliaria.com\/index.php\/wp-json\/wp\/v2\/product"}],"about":[{"href":"https:\/\/lopezinmobiliaria.com\/index.php\/wp-json\/wp\/v2\/types\/product"}],"replies":[{"embeddable":true,"href":"https:\/\/lopezinmobiliaria.com\/index.php\/wp-json\/wp\/v2\/comments?post=4848"}],"wp:featuredmedia":[{"embeddable":true,"href":"https:\/\/lopezinmobiliaria.com\/index.php\/wp-json\/wp\/v2\/media\/4849"}],"wp:attachment":[{"href":"https:\/\/lopezinmobiliaria.com\/index.php\/wp-json\/wp\/v2\/media?parent=4848"}],"wp:term":[{"taxonomy":"product_brand","embeddable":true,"href":"https:\/\/lopezinmobiliaria.com\/index.php\/wp-json\/wp\/v2\/product_brand?post=4848"},{"taxonomy":"product_cat","embeddable":true,"href":"https:\/\/lopezinmobiliaria.com\/index.php\/wp-json\/wp\/v2\/product_cat?post=4848"},{"taxonomy":"product_tag","embeddable":true,"href":"https:\/\/lopezinmobiliaria.com\/index.php\/wp-json\/wp\/v2\/product_tag?post=4848"}],"curies":[{"name":"wp","href":"https:\/\/api.w.org\/{rel}","templated":true}]}}