{"id":4841,"date":"2026-02-05T15:09:34","date_gmt":"2026-02-05T15:09:34","guid":{"rendered":"https:\/\/lopezinmobiliaria.com\/?post_type=product&#038;p=4841"},"modified":"2026-02-05T15:09:34","modified_gmt":"2026-02-05T15:09:34","slug":"vendo-casa-en-las-vertientes-de-la-granja-calle-la-pradera-2","status":"publish","type":"product","link":"https:\/\/lopezinmobiliaria.com\/index.php\/producto\/vendo-casa-en-las-vertientes-de-la-granja-calle-la-pradera-2\/","title":{"rendered":"Vendo casa en Las Vertientes de La Granja | calle La Pradera"},"content":{"rendered":"<ul>\n<li>UBICACI\u00d3N: ubicada sobre calle La pradera a 400 mts de la ruta.<\/li>\n<li>\u00a0SUP. CUBIERTA: 140 mts2,<\/li>\n<li>Propiedad de una sola planta, distribuida de la siguiente manera: Living, cocina-comedor integrada, muy luminosa con una vista increible, 3 habitaciones con placares, 2 ba\u00f1os, Lavadero cubierto, Cuarto de herramientas, Cochera<\/li>\n<li>Sup. Del lote 4.396 metros de terreno. Todo perimetrado y alambrado, una zona residencial muy preciada por su entorno, con paisajes serranos rodeado de bosque nativo. Lugar so\u00f1ado.<\/li>\n<li>La misma cuenta con un gran parque con \u00e1rboles aut\u00f3ctonos, y una hermosa vista.<\/li>\n<li>\u00a0La propiedad cuenta con pileta de 7 x 3,5 metros.<\/li>\n<li>\u00a0SERVICIOS: energ\u00eda el\u00e9ctrica, agua, Internet, alumbrado p\u00fablico y recolecci\u00f3n de basura.<\/li>\n<li>\u00a0PAPELES: Lista para escriturar<\/li>\n<li>\u00a0PRECIO: USD 140.000<\/li>\n<\/ul>\n<div>\u00a0para m\u00e1s informaci\u00f3n o coordinar una visita, comun\u00edcate al 3525 646307<\/div>\n","protected":false},"excerpt":{"rendered":"<p>UBICACI\u00d3N: ubicada sobre calle La pradera a 400 mts de la ruta. \u00a0SUP. CUBIERTA: 140 mts2, Propiedad de una sola planta, distribuida de la siguiente manera: Living, cocina-comedor integrada, muy luminosa con una vista increible, 3 habitaciones con placares, 2 ba\u00f1os, Lavadero cubierto, Cuarto de herramientas, Cochera Sup. Del lote 4.396 metros de terreno. Todo [&hellip;]<\/p>\n","protected":false},"featured_media":4842,"comment_status":"open","ping_status":"closed","template":"","meta":{"_et_pb_use_builder":"","_et_pb_old_content":"","_et_gb_content_width":""},"product_brand":[],"product_cat":[20],"product_tag":[],"class_list":{"0":"post-4841","1":"product","2":"type-product","3":"status-publish","4":"has-post-thumbnail","6":"product_cat-casas","8":"first","9":"instock","10":"shipping-taxable","11":"purchasable","12":"product-type-simple"},"_links":{"self":[{"href":"https:\/\/lopezinmobiliaria.com\/index.php\/wp-json\/wp\/v2\/product\/4841","targetHints":{"allow":["GET"]}}],"collection":[{"href":"https:\/\/lopezinmobiliaria.com\/index.php\/wp-json\/wp\/v2\/product"}],"about":[{"href":"https:\/\/lopezinmobiliaria.com\/index.php\/wp-json\/wp\/v2\/types\/product"}],"replies":[{"embeddable":true,"href":"https:\/\/lopezinmobiliaria.com\/index.php\/wp-json\/wp\/v2\/comments?post=4841"}],"wp:featuredmedia":[{"embeddable":true,"href":"https:\/\/lopezinmobiliaria.com\/index.php\/wp-json\/wp\/v2\/media\/4842"}],"wp:attachment":[{"href":"https:\/\/lopezinmobiliaria.com\/index.php\/wp-json\/wp\/v2\/media?parent=4841"}],"wp:term":[{"taxonomy":"product_brand","embeddable":true,"href":"https:\/\/lopezinmobiliaria.com\/index.php\/wp-json\/wp\/v2\/product_brand?post=4841"},{"taxonomy":"product_cat","embeddable":true,"href":"https:\/\/lopezinmobiliaria.com\/index.php\/wp-json\/wp\/v2\/product_cat?post=4841"},{"taxonomy":"product_tag","embeddable":true,"href":"https:\/\/lopezinmobiliaria.com\/index.php\/wp-json\/wp\/v2\/product_tag?post=4841"}],"curies":[{"name":"wp","href":"https:\/\/api.w.org\/{rel}","templated":true}]}}