{"id":4833,"date":"2026-02-05T14:53:46","date_gmt":"2026-02-05T14:53:46","guid":{"rendered":"https:\/\/lopezinmobiliaria.com\/?post_type=product&#038;p=4833"},"modified":"2026-02-05T14:53:46","modified_gmt":"2026-02-05T14:53:46","slug":"vendo-casa-en-villa-animi-calle-acacia","status":"publish","type":"product","link":"https:\/\/lopezinmobiliaria.com\/index.php\/producto\/vendo-casa-en-villa-animi-calle-acacia\/","title":{"rendered":"Vendo casa en Villa Animi | calle Acacia"},"content":{"rendered":"<div>-Ubicaci\u00f3n: calle Acacia, a solo 420 mts de la ruta E-53<\/div>\n<div>Zona tranquila, rodeada de verde y con acceso s\u00faper c\u00f3modo.<\/div>\n<div><\/div>\n<div>La propiedad cuenta con 180 m\u00b2 cubiertos distribuidos en dos plantas:<\/div>\n<div><\/div>\n<div>-Planta baja:<\/div>\n<div>*Galer\u00eda techada para un veh\u00edculo<\/div>\n<div>*Quincho cerrado con asador<\/div>\n<div>*Cocina amoblada<\/div>\n<div>*Comedor<\/div>\n<div>*Ba\u00f1o<\/div>\n<div>*1 dormitorio<\/div>\n<div><\/div>\n<div>-Planta alta:<\/div>\n<div>*Dos dormitorios<\/div>\n<div>* Ba\u00f1o completo<\/div>\n<div><\/div>\n<div>-Adem\u00e1s: una pileta amplia y hermosa, perfecta para disfrutar el verano<\/div>\n<div><\/div>\n<div>Terreno: son 7 lotes unidos que suman 1960 m\u00b2, todo cerrado con per\u00edmetro completo y acceso por port\u00f3n<\/div>\n<div><\/div>\n<div>-Escritura perfecta<\/div>\n<div>-Precio: USD 85.000<\/div>\n<div><\/div>\n<div>Consultas a 3525646307<\/div>\n","protected":false},"excerpt":{"rendered":"<p>-Ubicaci\u00f3n: calle Acacia, a solo 420 mts de la ruta E-53 Zona tranquila, rodeada de verde y con acceso s\u00faper c\u00f3modo. La propiedad cuenta con 180 m\u00b2 cubiertos distribuidos en dos plantas: -Planta baja: *Galer\u00eda techada para un veh\u00edculo *Quincho cerrado con asador *Cocina amoblada *Comedor *Ba\u00f1o *1 dormitorio -Planta alta: *Dos dormitorios * Ba\u00f1o [&hellip;]<\/p>\n","protected":false},"featured_media":4834,"comment_status":"open","ping_status":"closed","template":"","meta":{"_et_pb_use_builder":"","_et_pb_old_content":"","_et_gb_content_width":""},"product_brand":[],"product_cat":[20],"product_tag":[],"class_list":{"0":"post-4833","1":"product","2":"type-product","3":"status-publish","4":"has-post-thumbnail","6":"product_cat-casas","8":"first","9":"instock","10":"shipping-taxable","11":"purchasable","12":"product-type-simple"},"_links":{"self":[{"href":"https:\/\/lopezinmobiliaria.com\/index.php\/wp-json\/wp\/v2\/product\/4833","targetHints":{"allow":["GET"]}}],"collection":[{"href":"https:\/\/lopezinmobiliaria.com\/index.php\/wp-json\/wp\/v2\/product"}],"about":[{"href":"https:\/\/lopezinmobiliaria.com\/index.php\/wp-json\/wp\/v2\/types\/product"}],"replies":[{"embeddable":true,"href":"https:\/\/lopezinmobiliaria.com\/index.php\/wp-json\/wp\/v2\/comments?post=4833"}],"wp:featuredmedia":[{"embeddable":true,"href":"https:\/\/lopezinmobiliaria.com\/index.php\/wp-json\/wp\/v2\/media\/4834"}],"wp:attachment":[{"href":"https:\/\/lopezinmobiliaria.com\/index.php\/wp-json\/wp\/v2\/media?parent=4833"}],"wp:term":[{"taxonomy":"product_brand","embeddable":true,"href":"https:\/\/lopezinmobiliaria.com\/index.php\/wp-json\/wp\/v2\/product_brand?post=4833"},{"taxonomy":"product_cat","embeddable":true,"href":"https:\/\/lopezinmobiliaria.com\/index.php\/wp-json\/wp\/v2\/product_cat?post=4833"},{"taxonomy":"product_tag","embeddable":true,"href":"https:\/\/lopezinmobiliaria.com\/index.php\/wp-json\/wp\/v2\/product_tag?post=4833"}],"curies":[{"name":"wp","href":"https:\/\/api.w.org\/{rel}","templated":true}]}}