{"id":4824,"date":"2026-02-05T14:35:50","date_gmt":"2026-02-05T14:35:50","guid":{"rendered":"https:\/\/lopezinmobiliaria.com\/?post_type=product&#038;p=4824"},"modified":"2026-02-05T14:35:50","modified_gmt":"2026-02-05T14:35:50","slug":"vendo-lote-en-la-granja-calle-el-cedron","status":"publish","type":"product","link":"https:\/\/lopezinmobiliaria.com\/index.php\/producto\/vendo-lote-en-la-granja-calle-el-cedron\/","title":{"rendered":"Vendo lote en La Granja | calle El Cedr\u00f3n"},"content":{"rendered":"<div>-Ubicaci\u00f3n: Calle El Cedr\u00f3n, a solo 800 mts de la ruta E-53<\/div>\n<div>-Superficie: 525 m\u00b2 (15 x 35) \u2014 lote plano con leve pendiente negativa y hermosa vista a las sierras<\/div>\n<div>-Servicios: Luz y agua en puerta<\/div>\n<div>-Papeles: Escritura perfecta<\/div>\n<div>-Precio: USD 20.000<\/div>\n<div><\/div>\n<div>Rodeado de naturaleza, tranquilidad y aire puro\u2026<\/div>\n<div>\u00a1ideal para construir tu casa de fin de semana o tu hogar permanente en las Sierras Chicas!<\/div>\n<div><\/div>\n<div>Consultanos hoy mismo para coordinar una visita o recibir m\u00e1s info. 3525646307<\/div>\n<div><\/div>\n","protected":false},"excerpt":{"rendered":"<p>-Ubicaci\u00f3n: Calle El Cedr\u00f3n, a solo 800 mts de la ruta E-53 -Superficie: 525 m\u00b2 (15 x 35) \u2014 lote plano con leve pendiente negativa y hermosa vista a las sierras -Servicios: Luz y agua en puerta -Papeles: Escritura perfecta -Precio: USD 20.000 Rodeado de naturaleza, tranquilidad y aire puro\u2026 \u00a1ideal para construir tu casa [&hellip;]<\/p>\n","protected":false},"featured_media":4826,"comment_status":"open","ping_status":"closed","template":"","meta":{"_et_pb_use_builder":"","_et_pb_old_content":"","_et_gb_content_width":""},"product_brand":[],"product_cat":[21],"product_tag":[],"class_list":{"0":"post-4824","1":"product","2":"type-product","3":"status-publish","4":"has-post-thumbnail","6":"product_cat-lotes","8":"first","9":"instock","10":"shipping-taxable","11":"purchasable","12":"product-type-simple"},"_links":{"self":[{"href":"https:\/\/lopezinmobiliaria.com\/index.php\/wp-json\/wp\/v2\/product\/4824","targetHints":{"allow":["GET"]}}],"collection":[{"href":"https:\/\/lopezinmobiliaria.com\/index.php\/wp-json\/wp\/v2\/product"}],"about":[{"href":"https:\/\/lopezinmobiliaria.com\/index.php\/wp-json\/wp\/v2\/types\/product"}],"replies":[{"embeddable":true,"href":"https:\/\/lopezinmobiliaria.com\/index.php\/wp-json\/wp\/v2\/comments?post=4824"}],"wp:featuredmedia":[{"embeddable":true,"href":"https:\/\/lopezinmobiliaria.com\/index.php\/wp-json\/wp\/v2\/media\/4826"}],"wp:attachment":[{"href":"https:\/\/lopezinmobiliaria.com\/index.php\/wp-json\/wp\/v2\/media?parent=4824"}],"wp:term":[{"taxonomy":"product_brand","embeddable":true,"href":"https:\/\/lopezinmobiliaria.com\/index.php\/wp-json\/wp\/v2\/product_brand?post=4824"},{"taxonomy":"product_cat","embeddable":true,"href":"https:\/\/lopezinmobiliaria.com\/index.php\/wp-json\/wp\/v2\/product_cat?post=4824"},{"taxonomy":"product_tag","embeddable":true,"href":"https:\/\/lopezinmobiliaria.com\/index.php\/wp-json\/wp\/v2\/product_tag?post=4824"}],"curies":[{"name":"wp","href":"https:\/\/api.w.org\/{rel}","templated":true}]}}