{"id":4818,"date":"2026-02-05T14:29:37","date_gmt":"2026-02-05T14:29:37","guid":{"rendered":"https:\/\/lopezinmobiliaria.com\/?post_type=product&#038;p=4818"},"modified":"2026-02-05T14:30:44","modified_gmt":"2026-02-05T14:30:44","slug":"vendo-casa-en-agua-de-oro","status":"publish","type":"product","link":"https:\/\/lopezinmobiliaria.com\/index.php\/producto\/vendo-casa-en-agua-de-oro\/","title":{"rendered":"Vendo casa en Agua de Oro | calle Santiago del Estero"},"content":{"rendered":"<div>-Ubicada sobre calle Santiago del Estero, a tan solo 300 metros de la ruta E-53, esta propiedad combina comodidad, naturaleza y excelente ubicaci\u00f3n.<\/div>\n<div>-Superficie cubierta: 96 m\u00b2 + quincho independiente de 20 m\u00b2 con asador y pileta.<\/div>\n<div>-Distribuci\u00f3n: amplio espacio integrado con living con hogar, comedor y cocina con muebles a medida.<\/div>\n<div>-Sector privado con ba\u00f1o completo, dos dormitorios, lavadero, peque\u00f1o s\u00f3tano ideal para guardar herramientas y garaje.<\/div>\n<div>-Terreno totalmente parquizado de 1.200 m\u00b2, cerrado en todo su per\u00edmetro y con ingreso por port\u00f3n.<\/div>\n<div>-Escritura perfecta<\/div>\n<div>-Precio: USD 68.000<\/div>\n<div>Para m\u00e1s info o coordinar una visita al 3525646307<\/div>\n","protected":false},"excerpt":{"rendered":"<p>-Ubicada sobre calle Santiago del Estero, a tan solo 300 metros de la ruta E-53, esta propiedad combina comodidad, naturaleza y excelente ubicaci\u00f3n. -Superficie cubierta: 96 m\u00b2 + quincho independiente de 20 m\u00b2 con asador y pileta. -Distribuci\u00f3n: amplio espacio integrado con living con hogar, comedor y cocina con muebles a medida. -Sector privado con [&hellip;]<\/p>\n","protected":false},"featured_media":4821,"comment_status":"open","ping_status":"closed","template":"","meta":{"_et_pb_use_builder":"","_et_pb_old_content":"","_et_gb_content_width":""},"product_brand":[],"product_cat":[20],"product_tag":[],"class_list":{"0":"post-4818","1":"product","2":"type-product","3":"status-publish","4":"has-post-thumbnail","6":"product_cat-casas","8":"first","9":"instock","10":"shipping-taxable","11":"purchasable","12":"product-type-simple"},"_links":{"self":[{"href":"https:\/\/lopezinmobiliaria.com\/index.php\/wp-json\/wp\/v2\/product\/4818","targetHints":{"allow":["GET"]}}],"collection":[{"href":"https:\/\/lopezinmobiliaria.com\/index.php\/wp-json\/wp\/v2\/product"}],"about":[{"href":"https:\/\/lopezinmobiliaria.com\/index.php\/wp-json\/wp\/v2\/types\/product"}],"replies":[{"embeddable":true,"href":"https:\/\/lopezinmobiliaria.com\/index.php\/wp-json\/wp\/v2\/comments?post=4818"}],"wp:featuredmedia":[{"embeddable":true,"href":"https:\/\/lopezinmobiliaria.com\/index.php\/wp-json\/wp\/v2\/media\/4821"}],"wp:attachment":[{"href":"https:\/\/lopezinmobiliaria.com\/index.php\/wp-json\/wp\/v2\/media?parent=4818"}],"wp:term":[{"taxonomy":"product_brand","embeddable":true,"href":"https:\/\/lopezinmobiliaria.com\/index.php\/wp-json\/wp\/v2\/product_brand?post=4818"},{"taxonomy":"product_cat","embeddable":true,"href":"https:\/\/lopezinmobiliaria.com\/index.php\/wp-json\/wp\/v2\/product_cat?post=4818"},{"taxonomy":"product_tag","embeddable":true,"href":"https:\/\/lopezinmobiliaria.com\/index.php\/wp-json\/wp\/v2\/product_tag?post=4818"}],"curies":[{"name":"wp","href":"https:\/\/api.w.org\/{rel}","templated":true}]}}