{"id":4804,"date":"2026-02-05T13:56:03","date_gmt":"2026-02-05T13:56:03","guid":{"rendered":"https:\/\/lopezinmobiliaria.com\/?post_type=product&#038;p=4804"},"modified":"2026-02-05T13:56:03","modified_gmt":"2026-02-05T13:56:03","slug":"vendo-2-lotes-en-villa-animi-calle-el-jacaranda","status":"publish","type":"product","link":"https:\/\/lopezinmobiliaria.com\/index.php\/producto\/vendo-2-lotes-en-villa-animi-calle-el-jacaranda\/","title":{"rendered":"Vendo 2 lotes en Villa Animi | calle El Jacarand\u00e1"},"content":{"rendered":"<div>-Ubicaci\u00f3n: Calle El Jacarand\u00e1 esquina El Aliso, a solo 1 km de la ruta E-53, Barrio Mart\u00edn Fierro.<\/div>\n<div>-Superficie:<\/div>\n<div>*2 lotes disponibles de 720 m\u00b2 cada uno (18 x 40 m)<\/div>\n<div>*Lotes planos, 100% aprovechables<\/div>\n<div>-Servicios: luz y agua en puerta<\/div>\n<div>-Papeles: escritura perfecta, \u00a1listos para transferir!<\/div>\n<div>-Precio: USD 12.000 cada uno<\/div>\n<div>Consultas al 3525 646307<\/div>\n","protected":false},"excerpt":{"rendered":"<p>-Ubicaci\u00f3n: Calle El Jacarand\u00e1 esquina El Aliso, a solo 1 km de la ruta E-53, Barrio Mart\u00edn Fierro. -Superficie: *2 lotes disponibles de 720 m\u00b2 cada uno (18 x 40 m) *Lotes planos, 100% aprovechables -Servicios: luz y agua en puerta -Papeles: escritura perfecta, \u00a1listos para transferir! -Precio: USD 12.000 cada uno Consultas al 3525 [&hellip;]<\/p>\n","protected":false},"featured_media":4805,"comment_status":"open","ping_status":"closed","template":"","meta":{"_et_pb_use_builder":"","_et_pb_old_content":"","_et_gb_content_width":""},"product_brand":[],"product_cat":[21],"product_tag":[],"class_list":{"0":"post-4804","1":"product","2":"type-product","3":"status-publish","4":"has-post-thumbnail","6":"product_cat-lotes","8":"first","9":"instock","10":"shipping-taxable","11":"purchasable","12":"product-type-simple"},"_links":{"self":[{"href":"https:\/\/lopezinmobiliaria.com\/index.php\/wp-json\/wp\/v2\/product\/4804","targetHints":{"allow":["GET"]}}],"collection":[{"href":"https:\/\/lopezinmobiliaria.com\/index.php\/wp-json\/wp\/v2\/product"}],"about":[{"href":"https:\/\/lopezinmobiliaria.com\/index.php\/wp-json\/wp\/v2\/types\/product"}],"replies":[{"embeddable":true,"href":"https:\/\/lopezinmobiliaria.com\/index.php\/wp-json\/wp\/v2\/comments?post=4804"}],"wp:featuredmedia":[{"embeddable":true,"href":"https:\/\/lopezinmobiliaria.com\/index.php\/wp-json\/wp\/v2\/media\/4805"}],"wp:attachment":[{"href":"https:\/\/lopezinmobiliaria.com\/index.php\/wp-json\/wp\/v2\/media?parent=4804"}],"wp:term":[{"taxonomy":"product_brand","embeddable":true,"href":"https:\/\/lopezinmobiliaria.com\/index.php\/wp-json\/wp\/v2\/product_brand?post=4804"},{"taxonomy":"product_cat","embeddable":true,"href":"https:\/\/lopezinmobiliaria.com\/index.php\/wp-json\/wp\/v2\/product_cat?post=4804"},{"taxonomy":"product_tag","embeddable":true,"href":"https:\/\/lopezinmobiliaria.com\/index.php\/wp-json\/wp\/v2\/product_tag?post=4804"}],"curies":[{"name":"wp","href":"https:\/\/api.w.org\/{rel}","templated":true}]}}