{"id":4794,"date":"2026-02-05T13:43:58","date_gmt":"2026-02-05T13:43:58","guid":{"rendered":"https:\/\/lopezinmobiliaria.com\/?post_type=product&#038;p=4794"},"modified":"2026-02-05T13:43:58","modified_gmt":"2026-02-05T13:43:58","slug":"vendo-casa-en-la-granja-calle-cotoneaster","status":"publish","type":"product","link":"https:\/\/lopezinmobiliaria.com\/index.php\/producto\/vendo-casa-en-la-granja-calle-cotoneaster\/","title":{"rendered":"Vendo casa en La Granja | calle Cotoneaster"},"content":{"rendered":"<div>-UBICACI\u00d3N: Calle Cotoneaster, a solo 600 metros de la ruta E-53, en el hermoso B\u00b0 Colinas de La Granja. Rodeada de tranquilidad y naturaleza.<\/div>\n<div>-SUPERFICIE CUBIERTA: 90 mts\u00b2 (aproximadamente).<\/div>\n<div>-DISTRIBUCI\u00d3N:<\/div>\n<div>*Comedor.<\/div>\n<div>*Cocina.<\/div>\n<div>*Ba\u00f1o.<\/div>\n<div>*Dos dormitorios.<\/div>\n<div>*Garaje cerrado con ba\u00f1o adicional.<\/div>\n<div>-SUPERFICIE DEL LOTE: 876 mts\u00b2, amplio y perfecto para disfrutar.<\/div>\n<div>-PRECIO: USD 54.000.<\/div>\n<div>-PAPELES: Escritura perfecta, listo para transferir.<\/div>\n<div>Para m\u00e1s consultas, comun\u00edcate al 03525 15646307.<\/div>\n","protected":false},"excerpt":{"rendered":"<p>-UBICACI\u00d3N: Calle Cotoneaster, a solo 600 metros de la ruta E-53, en el hermoso B\u00b0 Colinas de La Granja. Rodeada de tranquilidad y naturaleza. -SUPERFICIE CUBIERTA: 90 mts\u00b2 (aproximadamente). -DISTRIBUCI\u00d3N: *Comedor. *Cocina. *Ba\u00f1o. *Dos dormitorios. *Garaje cerrado con ba\u00f1o adicional. -SUPERFICIE DEL LOTE: 876 mts\u00b2, amplio y perfecto para disfrutar. -PRECIO: USD 54.000. -PAPELES: Escritura [&hellip;]<\/p>\n","protected":false},"featured_media":4795,"comment_status":"open","ping_status":"closed","template":"","meta":{"_et_pb_use_builder":"","_et_pb_old_content":"","_et_gb_content_width":""},"product_brand":[],"product_cat":[20],"product_tag":[],"class_list":{"0":"post-4794","1":"product","2":"type-product","3":"status-publish","4":"has-post-thumbnail","6":"product_cat-casas","8":"first","9":"instock","10":"shipping-taxable","11":"purchasable","12":"product-type-simple"},"_links":{"self":[{"href":"https:\/\/lopezinmobiliaria.com\/index.php\/wp-json\/wp\/v2\/product\/4794","targetHints":{"allow":["GET"]}}],"collection":[{"href":"https:\/\/lopezinmobiliaria.com\/index.php\/wp-json\/wp\/v2\/product"}],"about":[{"href":"https:\/\/lopezinmobiliaria.com\/index.php\/wp-json\/wp\/v2\/types\/product"}],"replies":[{"embeddable":true,"href":"https:\/\/lopezinmobiliaria.com\/index.php\/wp-json\/wp\/v2\/comments?post=4794"}],"wp:featuredmedia":[{"embeddable":true,"href":"https:\/\/lopezinmobiliaria.com\/index.php\/wp-json\/wp\/v2\/media\/4795"}],"wp:attachment":[{"href":"https:\/\/lopezinmobiliaria.com\/index.php\/wp-json\/wp\/v2\/media?parent=4794"}],"wp:term":[{"taxonomy":"product_brand","embeddable":true,"href":"https:\/\/lopezinmobiliaria.com\/index.php\/wp-json\/wp\/v2\/product_brand?post=4794"},{"taxonomy":"product_cat","embeddable":true,"href":"https:\/\/lopezinmobiliaria.com\/index.php\/wp-json\/wp\/v2\/product_cat?post=4794"},{"taxonomy":"product_tag","embeddable":true,"href":"https:\/\/lopezinmobiliaria.com\/index.php\/wp-json\/wp\/v2\/product_tag?post=4794"}],"curies":[{"name":"wp","href":"https:\/\/api.w.org\/{rel}","templated":true}]}}