{"id":4790,"date":"2026-02-05T13:34:29","date_gmt":"2026-02-05T13:34:29","guid":{"rendered":"https:\/\/lopezinmobiliaria.com\/?post_type=product&#038;p=4790"},"modified":"2026-02-05T13:34:29","modified_gmt":"2026-02-05T13:34:29","slug":"vendo-lote-en-villa-animi-calle-ombu","status":"publish","type":"product","link":"https:\/\/lopezinmobiliaria.com\/index.php\/producto\/vendo-lote-en-villa-animi-calle-ombu\/","title":{"rendered":"Vendo lote en Villa Animi | calle Omb\u00fa"},"content":{"rendered":"<div>-UBICACI\u00d3N: Sobre calle Omb\u00fa, a solo 150 metros de la ruta. Una zona tranquila, ideal para disfrutar de la naturaleza.<\/div>\n<div>-SUPERFICIE: 560 mts\u00b2 (16 x 35), con una leve pendiente, perfecto para tu proyecto.<\/div>\n<div>-SERVICIOS: Luz y agua disponibles para conectar.<\/div>\n<div>-PAPELES: Escritura inmediata, listo para transferir.<\/div>\n<div>-PRECIO: USD 10.000.<\/div>\n<div>Para coordinar una visita, comun\u00edcate al 3525 646307.<\/div>\n<div><\/div>\n","protected":false},"excerpt":{"rendered":"<p>-UBICACI\u00d3N: Sobre calle Omb\u00fa, a solo 150 metros de la ruta. Una zona tranquila, ideal para disfrutar de la naturaleza. -SUPERFICIE: 560 mts\u00b2 (16 x 35), con una leve pendiente, perfecto para tu proyecto. -SERVICIOS: Luz y agua disponibles para conectar. -PAPELES: Escritura inmediata, listo para transferir. -PRECIO: USD 10.000. Para coordinar una visita, comun\u00edcate [&hellip;]<\/p>\n","protected":false},"featured_media":4791,"comment_status":"open","ping_status":"closed","template":"","meta":{"_et_pb_use_builder":"","_et_pb_old_content":"","_et_gb_content_width":""},"product_brand":[],"product_cat":[21],"product_tag":[],"class_list":{"0":"post-4790","1":"product","2":"type-product","3":"status-publish","4":"has-post-thumbnail","6":"product_cat-lotes","8":"first","9":"instock","10":"shipping-taxable","11":"purchasable","12":"product-type-simple"},"_links":{"self":[{"href":"https:\/\/lopezinmobiliaria.com\/index.php\/wp-json\/wp\/v2\/product\/4790","targetHints":{"allow":["GET"]}}],"collection":[{"href":"https:\/\/lopezinmobiliaria.com\/index.php\/wp-json\/wp\/v2\/product"}],"about":[{"href":"https:\/\/lopezinmobiliaria.com\/index.php\/wp-json\/wp\/v2\/types\/product"}],"replies":[{"embeddable":true,"href":"https:\/\/lopezinmobiliaria.com\/index.php\/wp-json\/wp\/v2\/comments?post=4790"}],"wp:featuredmedia":[{"embeddable":true,"href":"https:\/\/lopezinmobiliaria.com\/index.php\/wp-json\/wp\/v2\/media\/4791"}],"wp:attachment":[{"href":"https:\/\/lopezinmobiliaria.com\/index.php\/wp-json\/wp\/v2\/media?parent=4790"}],"wp:term":[{"taxonomy":"product_brand","embeddable":true,"href":"https:\/\/lopezinmobiliaria.com\/index.php\/wp-json\/wp\/v2\/product_brand?post=4790"},{"taxonomy":"product_cat","embeddable":true,"href":"https:\/\/lopezinmobiliaria.com\/index.php\/wp-json\/wp\/v2\/product_cat?post=4790"},{"taxonomy":"product_tag","embeddable":true,"href":"https:\/\/lopezinmobiliaria.com\/index.php\/wp-json\/wp\/v2\/product_tag?post=4790"}],"curies":[{"name":"wp","href":"https:\/\/api.w.org\/{rel}","templated":true}]}}