{"id":4785,"date":"2026-02-05T13:26:58","date_gmt":"2026-02-05T13:26:58","guid":{"rendered":"https:\/\/lopezinmobiliaria.com\/?post_type=product&#038;p=4785"},"modified":"2026-02-05T13:26:59","modified_gmt":"2026-02-05T13:26:59","slug":"vendo-casa-en-las-vertientes-de-la-granja-calle-la-pradera","status":"publish","type":"product","link":"https:\/\/lopezinmobiliaria.com\/index.php\/producto\/vendo-casa-en-las-vertientes-de-la-granja-calle-la-pradera\/","title":{"rendered":"Vendo casa en Las Vertientes de La Granja | calle La Pradera"},"content":{"rendered":"<div>-UBICACI\u00d3N: ubicada sobre calle La pradera a 400 mts de la ruta.<\/div>\n<div>-SUP. CUBIERTA: 140 mts2,<\/div>\n<div>-Propiedad de una sola planta, distribuida de la siguiente manera:<\/div>\n<div>*Living, cocina-comedor integrada, muy luminosa con una vista incre\u00edble,<\/div>\n<div>*3 habitaciones con placares<\/div>\n<div>*2 ba\u00f1os<\/div>\n<div>*Lavadero cubierto<\/div>\n<div>*Cuarto de herramientas<\/div>\n<div>*Cochera<\/div>\n<div>-Sup. Del lote 4.396 metros de terreno. Todo perimetrado y alambrado, una zona residencial muy preciada por su entorno, con paisajes serranos rodeado de bosque nativo. Lugar so\u00f1ado.<\/div>\n<div>-La misma cuenta con un gran parque con \u00e1rboles aut\u00f3ctonos, y una hermosa vista.<\/div>\n<div>-La propiedad cuenta con pileta de 7 x 3,5 metros.<\/div>\n<div>-SERVICIOS: energ\u00eda el\u00e9ctrica, agua, Internet, alumbrado p\u00fablico y recolecci\u00f3n de basura.<\/div>\n<div>-PAPELES: Lista para escriturar<\/div>\n<div>-PRECIO: USD 140.000<\/div>\n<div>para m\u00e1s informaci\u00f3n o coordinar una visita, comun\u00edcate al 3525 646307<\/div>\n<div><\/div>\n","protected":false},"excerpt":{"rendered":"<p>-UBICACI\u00d3N: ubicada sobre calle La pradera a 400 mts de la ruta. -SUP. CUBIERTA: 140 mts2, -Propiedad de una sola planta, distribuida de la siguiente manera: *Living, cocina-comedor integrada, muy luminosa con una vista incre\u00edble, *3 habitaciones con placares *2 ba\u00f1os *Lavadero cubierto *Cuarto de herramientas *Cochera -Sup. Del lote 4.396 metros de terreno. Todo [&hellip;]<\/p>\n","protected":false},"featured_media":4786,"comment_status":"open","ping_status":"closed","template":"","meta":{"_et_pb_use_builder":"","_et_pb_old_content":"","_et_gb_content_width":""},"product_brand":[],"product_cat":[20],"product_tag":[],"class_list":{"0":"post-4785","1":"product","2":"type-product","3":"status-publish","4":"has-post-thumbnail","6":"product_cat-casas","8":"first","9":"instock","10":"shipping-taxable","11":"purchasable","12":"product-type-simple"},"_links":{"self":[{"href":"https:\/\/lopezinmobiliaria.com\/index.php\/wp-json\/wp\/v2\/product\/4785","targetHints":{"allow":["GET"]}}],"collection":[{"href":"https:\/\/lopezinmobiliaria.com\/index.php\/wp-json\/wp\/v2\/product"}],"about":[{"href":"https:\/\/lopezinmobiliaria.com\/index.php\/wp-json\/wp\/v2\/types\/product"}],"replies":[{"embeddable":true,"href":"https:\/\/lopezinmobiliaria.com\/index.php\/wp-json\/wp\/v2\/comments?post=4785"}],"wp:featuredmedia":[{"embeddable":true,"href":"https:\/\/lopezinmobiliaria.com\/index.php\/wp-json\/wp\/v2\/media\/4786"}],"wp:attachment":[{"href":"https:\/\/lopezinmobiliaria.com\/index.php\/wp-json\/wp\/v2\/media?parent=4785"}],"wp:term":[{"taxonomy":"product_brand","embeddable":true,"href":"https:\/\/lopezinmobiliaria.com\/index.php\/wp-json\/wp\/v2\/product_brand?post=4785"},{"taxonomy":"product_cat","embeddable":true,"href":"https:\/\/lopezinmobiliaria.com\/index.php\/wp-json\/wp\/v2\/product_cat?post=4785"},{"taxonomy":"product_tag","embeddable":true,"href":"https:\/\/lopezinmobiliaria.com\/index.php\/wp-json\/wp\/v2\/product_tag?post=4785"}],"curies":[{"name":"wp","href":"https:\/\/api.w.org\/{rel}","templated":true}]}}