{"id":4780,"date":"2026-02-05T13:11:09","date_gmt":"2026-02-05T13:11:09","guid":{"rendered":"https:\/\/lopezinmobiliaria.com\/?post_type=product&#038;p=4780"},"modified":"2026-02-05T13:11:09","modified_gmt":"2026-02-05T13:11:09","slug":"vendo-casa-en-villa-animi-calle-acacia-esq-molle","status":"publish","type":"product","link":"https:\/\/lopezinmobiliaria.com\/index.php\/producto\/vendo-casa-en-villa-animi-calle-acacia-esq-molle\/","title":{"rendered":"Vendo casa en Villa Animi | calle Acacia, Esq. Molle"},"content":{"rendered":"<div>-UBICACI\u00d3N: Sobre calle Acacia esquina Molle.<\/div>\n<div>-SUP. CUBIERTA: casa principal de 48 mts2, compuesto por una cocina comedor, un ba\u00f1o y un dormitorio, adem\u00e1s una galer\u00eda techada de 3 mts.<\/div>\n<div>-Sup. LOTE: 560mts2, lote esquina y plano, lo que permite aprovecharlo en su totalidad. Se encuentra todo cerrado en su per\u00edmetro con port\u00f3n en su ingreso.<\/div>\n<div>-La propiedad cuenta con una pileta de 6 x 3, con su vereda perimetral.<\/div>\n<div>-SERVICIOS: energ\u00eda el\u00e9ctrica, agua, Internet, alumbrado p\u00fablico y recolecci\u00f3n de basura.<\/div>\n<div>-PAPELES: Lista para escriturar<\/div>\n<div>-PRECIO: USD 45.000<\/div>\n<div>para m\u00e1s informaci\u00f3n o coordinar una visita, comun\u00edcate al 3525 646307<\/div>\n<div><\/div>\n","protected":false},"excerpt":{"rendered":"<p>-UBICACI\u00d3N: Sobre calle Acacia esquina Molle. -SUP. CUBIERTA: casa principal de 48 mts2, compuesto por una cocina comedor, un ba\u00f1o y un dormitorio, adem\u00e1s una galer\u00eda techada de 3 mts. -Sup. LOTE: 560mts2, lote esquina y plano, lo que permite aprovecharlo en su totalidad. Se encuentra todo cerrado en su per\u00edmetro con port\u00f3n en su [&hellip;]<\/p>\n","protected":false},"featured_media":4783,"comment_status":"open","ping_status":"closed","template":"","meta":{"_et_pb_use_builder":"","_et_pb_old_content":"","_et_gb_content_width":""},"product_brand":[],"product_cat":[20],"product_tag":[],"class_list":{"0":"post-4780","1":"product","2":"type-product","3":"status-publish","4":"has-post-thumbnail","6":"product_cat-casas","8":"first","9":"instock","10":"shipping-taxable","11":"purchasable","12":"product-type-simple"},"_links":{"self":[{"href":"https:\/\/lopezinmobiliaria.com\/index.php\/wp-json\/wp\/v2\/product\/4780","targetHints":{"allow":["GET"]}}],"collection":[{"href":"https:\/\/lopezinmobiliaria.com\/index.php\/wp-json\/wp\/v2\/product"}],"about":[{"href":"https:\/\/lopezinmobiliaria.com\/index.php\/wp-json\/wp\/v2\/types\/product"}],"replies":[{"embeddable":true,"href":"https:\/\/lopezinmobiliaria.com\/index.php\/wp-json\/wp\/v2\/comments?post=4780"}],"wp:featuredmedia":[{"embeddable":true,"href":"https:\/\/lopezinmobiliaria.com\/index.php\/wp-json\/wp\/v2\/media\/4783"}],"wp:attachment":[{"href":"https:\/\/lopezinmobiliaria.com\/index.php\/wp-json\/wp\/v2\/media?parent=4780"}],"wp:term":[{"taxonomy":"product_brand","embeddable":true,"href":"https:\/\/lopezinmobiliaria.com\/index.php\/wp-json\/wp\/v2\/product_brand?post=4780"},{"taxonomy":"product_cat","embeddable":true,"href":"https:\/\/lopezinmobiliaria.com\/index.php\/wp-json\/wp\/v2\/product_cat?post=4780"},{"taxonomy":"product_tag","embeddable":true,"href":"https:\/\/lopezinmobiliaria.com\/index.php\/wp-json\/wp\/v2\/product_tag?post=4780"}],"curies":[{"name":"wp","href":"https:\/\/api.w.org\/{rel}","templated":true}]}}