{"id":4775,"date":"2026-02-05T13:00:33","date_gmt":"2026-02-05T13:00:33","guid":{"rendered":"https:\/\/lopezinmobiliaria.com\/?post_type=product&#038;p=4775"},"modified":"2026-02-05T13:00:33","modified_gmt":"2026-02-05T13:00:33","slug":"vendo-casa-en-las-vertientes-de-la-granja-calle-los-platanos","status":"publish","type":"product","link":"https:\/\/lopezinmobiliaria.com\/index.php\/producto\/vendo-casa-en-las-vertientes-de-la-granja-calle-los-platanos\/","title":{"rendered":"Vendo casa en Las Vertientes de La Granja | calle Los Platanos"},"content":{"rendered":"<p>VENDO COMPLEJO DE CABA\u00d1AS EQUIPADO!!!<\/p>\n<div>-UBICACI\u00d3N: Ingresando por calle Los Platanos a 900 mts de la ruta E-53. Con una ubicaci\u00f3n exclusiva<\/div>\n<div>-SUP. CUBIERTA: un total de 237 mts2 de construcci\u00f3n.<\/div>\n<div>Compuesto por 3 viviendas.<\/div>\n<div>a) Casa con cocina amoblada, comedor, un ba\u00f1o con ba\u00f1era, dos habitaciones, galer\u00eda techada, con asador y espacio techado con capacidad para un veh\u00edculo.<\/div>\n<div>b) Casa con una amplia galer\u00eda, cocina amoblada, comedor, un ba\u00f1o y un dormitorio con placar empotrado.<\/div>\n<div>c) monoambiente con cocina amoblada, un ba\u00f1o y cochera.<\/div>\n<div>-Esta propiedad cuenta con 2 piletas, una de 3,5 x 7 aproximadamente, con amplia vereda per\u00edmetral y otra m\u00e1s chica tipo ri\u00f1\u00f3n.<\/div>\n<div>-esta propiedad se vende totalmente equipada, con heladeras, aires a condicionado, muebles, entre otros.<\/div>\n<div>-Sup.LOTE: 2002 mts2, lote casi plano y todo cerrado en su per\u00edmetro, con port\u00f3n en su ingreso.<\/div>\n<div>-SERVICIOS: energ\u00eda el\u00e9ctrica, agua de red, pozo de agua, alumbrado p\u00fablico e Internet.<\/div>\n<div>-Otra informaci\u00f3n a tener en cuenta es que el complejo ya tiene su cartera de clientes.<\/div>\n<div>-PAPELES: Listos para escriturar<\/div>\n<div>-PRECIO: USD 168.000<\/div>\n<div>para m\u00e1s informaci\u00f3n o coordinar una visita, comun\u00edcate al 3525 646307<\/div>\n","protected":false},"excerpt":{"rendered":"<p>VENDO COMPLEJO DE CABA\u00d1AS EQUIPADO!!! -UBICACI\u00d3N: Ingresando por calle Los Platanos a 900 mts de la ruta E-53. Con una ubicaci\u00f3n exclusiva -SUP. CUBIERTA: un total de 237 mts2 de construcci\u00f3n. Compuesto por 3 viviendas. a) Casa con cocina amoblada, comedor, un ba\u00f1o con ba\u00f1era, dos habitaciones, galer\u00eda techada, con asador y espacio techado con [&hellip;]<\/p>\n","protected":false},"featured_media":4776,"comment_status":"open","ping_status":"closed","template":"","meta":{"_et_pb_use_builder":"","_et_pb_old_content":"","_et_gb_content_width":""},"product_brand":[],"product_cat":[20],"product_tag":[],"class_list":{"0":"post-4775","1":"product","2":"type-product","3":"status-publish","4":"has-post-thumbnail","6":"product_cat-casas","8":"first","9":"instock","10":"shipping-taxable","11":"purchasable","12":"product-type-simple"},"_links":{"self":[{"href":"https:\/\/lopezinmobiliaria.com\/index.php\/wp-json\/wp\/v2\/product\/4775","targetHints":{"allow":["GET"]}}],"collection":[{"href":"https:\/\/lopezinmobiliaria.com\/index.php\/wp-json\/wp\/v2\/product"}],"about":[{"href":"https:\/\/lopezinmobiliaria.com\/index.php\/wp-json\/wp\/v2\/types\/product"}],"replies":[{"embeddable":true,"href":"https:\/\/lopezinmobiliaria.com\/index.php\/wp-json\/wp\/v2\/comments?post=4775"}],"wp:featuredmedia":[{"embeddable":true,"href":"https:\/\/lopezinmobiliaria.com\/index.php\/wp-json\/wp\/v2\/media\/4776"}],"wp:attachment":[{"href":"https:\/\/lopezinmobiliaria.com\/index.php\/wp-json\/wp\/v2\/media?parent=4775"}],"wp:term":[{"taxonomy":"product_brand","embeddable":true,"href":"https:\/\/lopezinmobiliaria.com\/index.php\/wp-json\/wp\/v2\/product_brand?post=4775"},{"taxonomy":"product_cat","embeddable":true,"href":"https:\/\/lopezinmobiliaria.com\/index.php\/wp-json\/wp\/v2\/product_cat?post=4775"},{"taxonomy":"product_tag","embeddable":true,"href":"https:\/\/lopezinmobiliaria.com\/index.php\/wp-json\/wp\/v2\/product_tag?post=4775"}],"curies":[{"name":"wp","href":"https:\/\/api.w.org\/{rel}","templated":true}]}}