{"id":4765,"date":"2026-02-05T12:42:16","date_gmt":"2026-02-05T12:42:16","guid":{"rendered":"https:\/\/lopezinmobiliaria.com\/?post_type=product&#038;p=4765"},"modified":"2026-02-05T12:42:16","modified_gmt":"2026-02-05T12:42:16","slug":"vendo-lote-en-villa-cerro-azul-calle-rosario-de-santa-fe","status":"publish","type":"product","link":"https:\/\/lopezinmobiliaria.com\/index.php\/producto\/vendo-lote-en-villa-cerro-azul-calle-rosario-de-santa-fe\/","title":{"rendered":"Vendo lote en Villa Cerro Az\u00fal | calle Rosario de Santa F\u00e9"},"content":{"rendered":"<p>VENDO LOTE CON BAJADA AL RIO!!<\/p>\n<div>-UBICACI\u00d3N: Villa Cerro Azul, a 3 km de la ruta E-53, ingresando por Agua de Oro o el Manzano. Sobre calle Rosario de Santa Fe.<\/div>\n<div>-SUPERFICIE: son dos lotes con una superficie total de 1.377 mts2, con pendiente y bajada al r\u00edo San Cristobal.<\/div>\n<div>-adem\u00e1s cuenta con los servicios de luz y agua en puerta.<\/div>\n<div>-Este lote se ubica a metros de la plaza de la memoria.<\/div>\n<div>-Papeles: con escritura.<\/div>\n<div>-PRECIO: USD 8.000<\/div>\n<div>Comun\u00edcate al 3525 646307 para m\u00e1s informaci\u00f3n o coordinamos una visita!!!<\/div>\n","protected":false},"excerpt":{"rendered":"<p>VENDO LOTE CON BAJADA AL RIO!! -UBICACI\u00d3N: Villa Cerro Azul, a 3 km de la ruta E-53, ingresando por Agua de Oro o el Manzano. Sobre calle Rosario de Santa Fe. -SUPERFICIE: son dos lotes con una superficie total de 1.377 mts2, con pendiente y bajada al r\u00edo San Cristobal. -adem\u00e1s cuenta con los servicios [&hellip;]<\/p>\n","protected":false},"featured_media":4768,"comment_status":"open","ping_status":"closed","template":"","meta":{"_et_pb_use_builder":"","_et_pb_old_content":"","_et_gb_content_width":""},"product_brand":[],"product_cat":[22,21],"product_tag":[],"class_list":{"0":"post-4765","1":"product","2":"type-product","3":"status-publish","4":"has-post-thumbnail","6":"product_cat-campos","7":"product_cat-lotes","9":"first","10":"instock","11":"shipping-taxable","12":"purchasable","13":"product-type-simple"},"_links":{"self":[{"href":"https:\/\/lopezinmobiliaria.com\/index.php\/wp-json\/wp\/v2\/product\/4765","targetHints":{"allow":["GET"]}}],"collection":[{"href":"https:\/\/lopezinmobiliaria.com\/index.php\/wp-json\/wp\/v2\/product"}],"about":[{"href":"https:\/\/lopezinmobiliaria.com\/index.php\/wp-json\/wp\/v2\/types\/product"}],"replies":[{"embeddable":true,"href":"https:\/\/lopezinmobiliaria.com\/index.php\/wp-json\/wp\/v2\/comments?post=4765"}],"wp:featuredmedia":[{"embeddable":true,"href":"https:\/\/lopezinmobiliaria.com\/index.php\/wp-json\/wp\/v2\/media\/4768"}],"wp:attachment":[{"href":"https:\/\/lopezinmobiliaria.com\/index.php\/wp-json\/wp\/v2\/media?parent=4765"}],"wp:term":[{"taxonomy":"product_brand","embeddable":true,"href":"https:\/\/lopezinmobiliaria.com\/index.php\/wp-json\/wp\/v2\/product_brand?post=4765"},{"taxonomy":"product_cat","embeddable":true,"href":"https:\/\/lopezinmobiliaria.com\/index.php\/wp-json\/wp\/v2\/product_cat?post=4765"},{"taxonomy":"product_tag","embeddable":true,"href":"https:\/\/lopezinmobiliaria.com\/index.php\/wp-json\/wp\/v2\/product_tag?post=4765"}],"curies":[{"name":"wp","href":"https:\/\/api.w.org\/{rel}","templated":true}]}}