{"id":4728,"date":"2024-07-19T21:49:09","date_gmt":"2024-07-19T21:49:09","guid":{"rendered":"https:\/\/lopezinmobiliaria.com\/?post_type=product&#038;p=4728"},"modified":"2026-01-27T14:57:34","modified_gmt":"2026-01-27T14:57:34","slug":"vendo-fraccion-en-villa-animi-av-n-5","status":"publish","type":"product","link":"https:\/\/lopezinmobiliaria.com\/index.php\/producto\/vendo-fraccion-en-villa-animi-av-n-5\/","title":{"rendered":"VENDO FRACCION EN VILLA ANIMI | Av. N\u00b0 5"},"content":{"rendered":"<ul>\n<li>UBICACI\u00d3N: a 400 metros de la ruta, sobre Avenida N\u00b05, calle que comunica Villa Animi con Las Vertientes de La Granja.<\/li>\n<li>SUPERFICIE: fracci\u00f3n de 10.770 mts2, todo alambrado en su per\u00edmetro, con vegetaci\u00f3n aut\u00f3ctona.<\/li>\n<li>SERVICIOS: energ\u00eda el\u00e9ctrica\u00a0 y agua en puerta.<\/li>\n<li>PAPELES: escritura inmediata.<\/li>\n<li>PRECIO: USD 60.000<\/li>\n<li>CONTACTO: 03525 15646307<\/li>\n<\/ul>\n","protected":false},"excerpt":{"rendered":"<p>UBICACI\u00d3N: a 400 metros de la ruta, sobre Avenida N\u00b05, calle que comunica Villa Animi con Las Vertientes de La Granja. SUPERFICIE: fracci\u00f3n de 10.770 mts2, todo alambrado en su per\u00edmetro, con vegetaci\u00f3n aut\u00f3ctona. SERVICIOS: energ\u00eda el\u00e9ctrica\u00a0 y agua en puerta. PAPELES: escritura inmediata. PRECIO: USD 60.000 CONTACTO: 03525 15646307<\/p>\n","protected":false},"featured_media":4729,"comment_status":"open","ping_status":"closed","template":"","meta":{"_et_pb_use_builder":"","_et_pb_old_content":"","_et_gb_content_width":""},"product_brand":[],"product_cat":[22],"product_tag":[],"class_list":{"0":"post-4728","1":"product","2":"type-product","3":"status-publish","4":"has-post-thumbnail","6":"product_cat-campos","8":"first","9":"instock","10":"featured","11":"shipping-taxable","12":"purchasable","13":"product-type-simple"},"_links":{"self":[{"href":"https:\/\/lopezinmobiliaria.com\/index.php\/wp-json\/wp\/v2\/product\/4728","targetHints":{"allow":["GET"]}}],"collection":[{"href":"https:\/\/lopezinmobiliaria.com\/index.php\/wp-json\/wp\/v2\/product"}],"about":[{"href":"https:\/\/lopezinmobiliaria.com\/index.php\/wp-json\/wp\/v2\/types\/product"}],"replies":[{"embeddable":true,"href":"https:\/\/lopezinmobiliaria.com\/index.php\/wp-json\/wp\/v2\/comments?post=4728"}],"wp:featuredmedia":[{"embeddable":true,"href":"https:\/\/lopezinmobiliaria.com\/index.php\/wp-json\/wp\/v2\/media\/4729"}],"wp:attachment":[{"href":"https:\/\/lopezinmobiliaria.com\/index.php\/wp-json\/wp\/v2\/media?parent=4728"}],"wp:term":[{"taxonomy":"product_brand","embeddable":true,"href":"https:\/\/lopezinmobiliaria.com\/index.php\/wp-json\/wp\/v2\/product_brand?post=4728"},{"taxonomy":"product_cat","embeddable":true,"href":"https:\/\/lopezinmobiliaria.com\/index.php\/wp-json\/wp\/v2\/product_cat?post=4728"},{"taxonomy":"product_tag","embeddable":true,"href":"https:\/\/lopezinmobiliaria.com\/index.php\/wp-json\/wp\/v2\/product_tag?post=4728"}],"curies":[{"name":"wp","href":"https:\/\/api.w.org\/{rel}","templated":true}]}}