{"id":4720,"date":"2024-07-19T21:27:34","date_gmt":"2024-07-19T21:27:34","guid":{"rendered":"https:\/\/lopezinmobiliaria.com\/?post_type=product&#038;p=4720"},"modified":"2026-01-27T15:02:42","modified_gmt":"2026-01-27T15:02:42","slug":"vendo-casa-en-la-granja-av-pablo-rueda","status":"publish","type":"product","link":"https:\/\/lopezinmobiliaria.com\/index.php\/producto\/vendo-casa-en-la-granja-av-pablo-rueda\/","title":{"rendered":"VENDO CASA EN LA GRANJA | Av. Pablo Rueda"},"content":{"rendered":"<ul>\n<li>UBICACI\u00d3N: Av. Pablo Rueda,\u00a0 a 120 mts de la zona c\u00e9ntrica de La Granja.<\/li>\n<li>SUP. CUBIERTA:\u00a0 120 mts. Cubiertos.<\/li>\n<li>CARACTERISTICAS: Galer\u00eda peque\u00f1a en su ingreso, un living, un comedor amplio con hogar, una cocina toda amoblada, pasillo de distribuci\u00f3n tambi\u00e9n con muebles y baulera. Tres dormitorios, un ante ba\u00f1o con placar, un ba\u00f1o grande, lavadero y otro cuarto m\u00e1s de guardados. Toda la casa cuenta con carpinter\u00eda de madera en muy buen estado, lo que le da un estilo r\u00fastico. Adem\u00e1s la vivienda cuenta con una pileta chica,\u00a0 de material de 3 x 6.<\/li>\n<li>SUP. LOTE: 1500 mts2, todo plano lo que favorece para aprovecharlo en su totalidad.<\/li>\n<li>PAPPELES: Escritura perfecta<\/li>\n<li>PRECIO: USD 100.000<\/li>\n<li>CONTACTO: 3525-646307<\/li>\n<\/ul>\n","protected":false},"excerpt":{"rendered":"<p>UBICACI\u00d3N: Av. Pablo Rueda,\u00a0 a 120 mts de la zona c\u00e9ntrica de La Granja. SUP. CUBIERTA:\u00a0 120 mts. Cubiertos. CARACTERISTICAS: Galer\u00eda peque\u00f1a en su ingreso, un living, un comedor amplio con hogar, una cocina toda amoblada, pasillo de distribuci\u00f3n tambi\u00e9n con muebles y baulera. Tres dormitorios, un ante ba\u00f1o con placar, un ba\u00f1o grande, lavadero [&hellip;]<\/p>\n","protected":false},"featured_media":4721,"comment_status":"open","ping_status":"closed","template":"","meta":{"_et_pb_use_builder":"","_et_pb_old_content":"","_et_gb_content_width":""},"product_brand":[],"product_cat":[20],"product_tag":[],"class_list":{"0":"post-4720","1":"product","2":"type-product","3":"status-publish","4":"has-post-thumbnail","6":"product_cat-casas","8":"first","9":"instock","10":"featured","11":"shipping-taxable","12":"purchasable","13":"product-type-simple"},"_links":{"self":[{"href":"https:\/\/lopezinmobiliaria.com\/index.php\/wp-json\/wp\/v2\/product\/4720","targetHints":{"allow":["GET"]}}],"collection":[{"href":"https:\/\/lopezinmobiliaria.com\/index.php\/wp-json\/wp\/v2\/product"}],"about":[{"href":"https:\/\/lopezinmobiliaria.com\/index.php\/wp-json\/wp\/v2\/types\/product"}],"replies":[{"embeddable":true,"href":"https:\/\/lopezinmobiliaria.com\/index.php\/wp-json\/wp\/v2\/comments?post=4720"}],"wp:featuredmedia":[{"embeddable":true,"href":"https:\/\/lopezinmobiliaria.com\/index.php\/wp-json\/wp\/v2\/media\/4721"}],"wp:attachment":[{"href":"https:\/\/lopezinmobiliaria.com\/index.php\/wp-json\/wp\/v2\/media?parent=4720"}],"wp:term":[{"taxonomy":"product_brand","embeddable":true,"href":"https:\/\/lopezinmobiliaria.com\/index.php\/wp-json\/wp\/v2\/product_brand?post=4720"},{"taxonomy":"product_cat","embeddable":true,"href":"https:\/\/lopezinmobiliaria.com\/index.php\/wp-json\/wp\/v2\/product_cat?post=4720"},{"taxonomy":"product_tag","embeddable":true,"href":"https:\/\/lopezinmobiliaria.com\/index.php\/wp-json\/wp\/v2\/product_tag?post=4720"}],"curies":[{"name":"wp","href":"https:\/\/api.w.org\/{rel}","templated":true}]}}