{"id":4710,"date":"2024-07-19T20:19:02","date_gmt":"2024-07-19T20:19:02","guid":{"rendered":"https:\/\/lopezinmobiliaria.com\/?post_type=product&#038;p=4710"},"modified":"2024-07-19T20:19:02","modified_gmt":"2024-07-19T20:19:02","slug":"vendo-chalet-en-santa-catalina","status":"publish","type":"product","link":"https:\/\/lopezinmobiliaria.com\/index.php\/producto\/vendo-chalet-en-santa-catalina\/","title":{"rendered":"VENDO CHALET EN SANTA CATALINA"},"content":{"rendered":"<ul>\n<li>UBICACI\u00d3N: Entre el camino que comunica Santa Catalina con Colonia Hogar, en un lugar exclusivo a solo 200 metros del camino principal.<\/li>\n<li>DISTRIBUCION: Chalet compuesto por una galer\u00eda abierta, 4 habitaciones, 2 ba\u00f1os de los cuales uno es con ba\u00f1adera, living, comedor cocina y un quincho con asador.<\/li>\n<li>SUP. CUBIERTA: la Vivienda tiene 260 mts2.<\/li>\n<li>LOTE: de 8.221mts2, todo parquizado y a metros del R\u00edo.<\/li>\n<li>ENTORNO: La vivienda se encuentra en un lugar en donde solo hay unos pocos chalet del mismo estilo. Un lugar muy tranquilo y con un casero que vive de manera permanente para mayor seguridad.<\/li>\n<li>PRECIO: USD 170.000<\/li>\n<li>PAPELES: Escritura inmediata!<\/li>\n<li>CONTACTO: 3525 646307.<\/li>\n<\/ul>\n","protected":false},"excerpt":{"rendered":"<p>UBICACI\u00d3N: Entre el camino que comunica Santa Catalina con Colonia Hogar, en un lugar exclusivo a solo 200 metros del camino principal. DISTRIBUCION: Chalet compuesto por una galer\u00eda abierta, 4 habitaciones, 2 ba\u00f1os de los cuales uno es con ba\u00f1adera, living, comedor cocina y un quincho con asador. SUP. CUBIERTA: la Vivienda tiene 260 mts2. [&hellip;]<\/p>\n","protected":false},"featured_media":4711,"comment_status":"open","ping_status":"closed","template":"","meta":{"_et_pb_use_builder":"","_et_pb_old_content":"","_et_gb_content_width":""},"product_brand":[],"product_cat":[20],"product_tag":[],"class_list":{"0":"post-4710","1":"product","2":"type-product","3":"status-publish","4":"has-post-thumbnail","6":"product_cat-casas","8":"first","9":"instock","10":"shipping-taxable","11":"purchasable","12":"product-type-simple"},"_links":{"self":[{"href":"https:\/\/lopezinmobiliaria.com\/index.php\/wp-json\/wp\/v2\/product\/4710","targetHints":{"allow":["GET"]}}],"collection":[{"href":"https:\/\/lopezinmobiliaria.com\/index.php\/wp-json\/wp\/v2\/product"}],"about":[{"href":"https:\/\/lopezinmobiliaria.com\/index.php\/wp-json\/wp\/v2\/types\/product"}],"replies":[{"embeddable":true,"href":"https:\/\/lopezinmobiliaria.com\/index.php\/wp-json\/wp\/v2\/comments?post=4710"}],"wp:featuredmedia":[{"embeddable":true,"href":"https:\/\/lopezinmobiliaria.com\/index.php\/wp-json\/wp\/v2\/media\/4711"}],"wp:attachment":[{"href":"https:\/\/lopezinmobiliaria.com\/index.php\/wp-json\/wp\/v2\/media?parent=4710"}],"wp:term":[{"taxonomy":"product_brand","embeddable":true,"href":"https:\/\/lopezinmobiliaria.com\/index.php\/wp-json\/wp\/v2\/product_brand?post=4710"},{"taxonomy":"product_cat","embeddable":true,"href":"https:\/\/lopezinmobiliaria.com\/index.php\/wp-json\/wp\/v2\/product_cat?post=4710"},{"taxonomy":"product_tag","embeddable":true,"href":"https:\/\/lopezinmobiliaria.com\/index.php\/wp-json\/wp\/v2\/product_tag?post=4710"}],"curies":[{"name":"wp","href":"https:\/\/api.w.org\/{rel}","templated":true}]}}