{"id":4695,"date":"2024-07-19T20:01:57","date_gmt":"2024-07-19T20:01:57","guid":{"rendered":"https:\/\/lopezinmobiliaria.com\/?post_type=product&#038;p=4695"},"modified":"2024-07-19T20:01:57","modified_gmt":"2024-07-19T20:01:57","slug":"vendo-casas-para-alquilar-en-villa-animi-calla-algarrobo","status":"publish","type":"product","link":"https:\/\/lopezinmobiliaria.com\/index.php\/producto\/vendo-casas-para-alquilar-en-villa-animi-calla-algarrobo\/","title":{"rendered":"VENDO CASAS PARA ALQUILAR EN VILLA ANIMI | calla Algarrobo"},"content":{"rendered":"<ul>\n<li>UBICACI\u00d3N: Calle Algarrobo esquina Quebracho Colorado,\u00a0 a 150 mts de la ruta. Villa Ani Mi.<\/li>\n<li>SUP. CUBIERTA: 2 casas de 40 mts. Cubiertos cada una.<\/li>\n<li>CARACTERISTICAS: son dos casas cada una formada por una cocina comedor, un ba\u00f1o, un dormitorio,\u00a0 una galer\u00eda techada con capacidad para un veh\u00edculo y un asador. Actualmente est\u00e1n alquiladas.<\/li>\n<li>SUP. LOTE: 1120 mts2, lote plano, esquina, alambrado con tejido en todo su per\u00edmetro. Cada vivienda tiene su port\u00f3n de madera para su ingreso. El lote a\u00fan tiene lugar para seguir edificando.<\/li>\n<li>PAPELES: Escritura perfecta, planos aprobados<\/li>\n<li>PRECIO: USD 80.000<\/li>\n<li>CONTACTO: 3525-646307<\/li>\n<\/ul>\n","protected":false},"excerpt":{"rendered":"<p>UBICACI\u00d3N: Calle Algarrobo esquina Quebracho Colorado,\u00a0 a 150 mts de la ruta. Villa Ani Mi. SUP. CUBIERTA: 2 casas de 40 mts. Cubiertos cada una. CARACTERISTICAS: son dos casas cada una formada por una cocina comedor, un ba\u00f1o, un dormitorio,\u00a0 una galer\u00eda techada con capacidad para un veh\u00edculo y un asador. Actualmente est\u00e1n alquiladas. SUP. [&hellip;]<\/p>\n","protected":false},"featured_media":4696,"comment_status":"open","ping_status":"closed","template":"","meta":{"_et_pb_use_builder":"","_et_pb_old_content":"","_et_gb_content_width":""},"product_brand":[],"product_cat":[20],"product_tag":[],"class_list":{"0":"post-4695","1":"product","2":"type-product","3":"status-publish","4":"has-post-thumbnail","6":"product_cat-casas","8":"first","9":"instock","10":"shipping-taxable","11":"purchasable","12":"product-type-simple"},"_links":{"self":[{"href":"https:\/\/lopezinmobiliaria.com\/index.php\/wp-json\/wp\/v2\/product\/4695","targetHints":{"allow":["GET"]}}],"collection":[{"href":"https:\/\/lopezinmobiliaria.com\/index.php\/wp-json\/wp\/v2\/product"}],"about":[{"href":"https:\/\/lopezinmobiliaria.com\/index.php\/wp-json\/wp\/v2\/types\/product"}],"replies":[{"embeddable":true,"href":"https:\/\/lopezinmobiliaria.com\/index.php\/wp-json\/wp\/v2\/comments?post=4695"}],"wp:featuredmedia":[{"embeddable":true,"href":"https:\/\/lopezinmobiliaria.com\/index.php\/wp-json\/wp\/v2\/media\/4696"}],"wp:attachment":[{"href":"https:\/\/lopezinmobiliaria.com\/index.php\/wp-json\/wp\/v2\/media?parent=4695"}],"wp:term":[{"taxonomy":"product_brand","embeddable":true,"href":"https:\/\/lopezinmobiliaria.com\/index.php\/wp-json\/wp\/v2\/product_brand?post=4695"},{"taxonomy":"product_cat","embeddable":true,"href":"https:\/\/lopezinmobiliaria.com\/index.php\/wp-json\/wp\/v2\/product_cat?post=4695"},{"taxonomy":"product_tag","embeddable":true,"href":"https:\/\/lopezinmobiliaria.com\/index.php\/wp-json\/wp\/v2\/product_tag?post=4695"}],"curies":[{"name":"wp","href":"https:\/\/api.w.org\/{rel}","templated":true}]}}