{"id":4672,"date":"2024-07-19T19:37:36","date_gmt":"2024-07-19T19:37:36","guid":{"rendered":"https:\/\/lopezinmobiliaria.com\/?post_type=product&#038;p=4672"},"modified":"2026-01-27T15:07:25","modified_gmt":"2026-01-27T15:07:25","slug":"vendo-casa-en-ascochinga-calle-juan-xxiii-b-el-mirador","status":"publish","type":"product","link":"https:\/\/lopezinmobiliaria.com\/index.php\/producto\/vendo-casa-en-ascochinga-calle-juan-xxiii-b-el-mirador\/","title":{"rendered":"VENDO CASA EN ASCOCHINGA | calle Juan XXIII, B\u00b0 El Mirador"},"content":{"rendered":"<ul>\n<li>UBICACI\u00d3N: Calle Juan XXIII, Barrio El Mirador, a 100 metros del r\u00edo y a 200 metros de la ruta E-66.<\/li>\n<li>SUP. CUBIERTA: 59 mts2<\/li>\n<li>CARACTERISTICAS: casa compuesta por una galer\u00eda techada con capacidad para un veh\u00edculo,\u00a0 una cocina comedor con hogar y salida al patio, un ba\u00f1o y dos dormitorios.<\/li>\n<li>SUP. LOTE: 420 mts2, lote plano, todo cerrado en su per\u00edmetro, con un port\u00f3n de ingreso de madera.<\/li>\n<li>PAPELES: Con Escritura<\/li>\n<li>PRECIO: USD 38.000<\/li>\n<\/ul>\n","protected":false},"excerpt":{"rendered":"<p>UBICACI\u00d3N: Calle Juan XXIII, Barrio El Mirador, a 100 metros del r\u00edo y a 200 metros de la ruta E-66. SUP. CUBIERTA: 59 mts2 CARACTERISTICAS: casa compuesta por una galer\u00eda techada con capacidad para un veh\u00edculo,\u00a0 una cocina comedor con hogar y salida al patio, un ba\u00f1o y dos dormitorios. SUP. LOTE: 420 mts2, lote [&hellip;]<\/p>\n","protected":false},"featured_media":4673,"comment_status":"open","ping_status":"closed","template":"","meta":{"_et_pb_use_builder":"","_et_pb_old_content":"","_et_gb_content_width":""},"product_brand":[],"product_cat":[20],"product_tag":[],"class_list":{"0":"post-4672","1":"product","2":"type-product","3":"status-publish","4":"has-post-thumbnail","6":"product_cat-casas","8":"first","9":"instock","10":"featured","11":"shipping-taxable","12":"purchasable","13":"product-type-simple"},"_links":{"self":[{"href":"https:\/\/lopezinmobiliaria.com\/index.php\/wp-json\/wp\/v2\/product\/4672","targetHints":{"allow":["GET"]}}],"collection":[{"href":"https:\/\/lopezinmobiliaria.com\/index.php\/wp-json\/wp\/v2\/product"}],"about":[{"href":"https:\/\/lopezinmobiliaria.com\/index.php\/wp-json\/wp\/v2\/types\/product"}],"replies":[{"embeddable":true,"href":"https:\/\/lopezinmobiliaria.com\/index.php\/wp-json\/wp\/v2\/comments?post=4672"}],"wp:featuredmedia":[{"embeddable":true,"href":"https:\/\/lopezinmobiliaria.com\/index.php\/wp-json\/wp\/v2\/media\/4673"}],"wp:attachment":[{"href":"https:\/\/lopezinmobiliaria.com\/index.php\/wp-json\/wp\/v2\/media?parent=4672"}],"wp:term":[{"taxonomy":"product_brand","embeddable":true,"href":"https:\/\/lopezinmobiliaria.com\/index.php\/wp-json\/wp\/v2\/product_brand?post=4672"},{"taxonomy":"product_cat","embeddable":true,"href":"https:\/\/lopezinmobiliaria.com\/index.php\/wp-json\/wp\/v2\/product_cat?post=4672"},{"taxonomy":"product_tag","embeddable":true,"href":"https:\/\/lopezinmobiliaria.com\/index.php\/wp-json\/wp\/v2\/product_tag?post=4672"}],"curies":[{"name":"wp","href":"https:\/\/api.w.org\/{rel}","templated":true}]}}