{"id":4639,"date":"2024-07-18T21:43:41","date_gmt":"2024-07-18T21:43:41","guid":{"rendered":"https:\/\/lopezinmobiliaria.com\/?post_type=product&#038;p=4639"},"modified":"2024-07-18T21:43:41","modified_gmt":"2024-07-18T21:43:41","slug":"vendo-campo-en-los-molles","status":"publish","type":"product","link":"https:\/\/lopezinmobiliaria.com\/index.php\/producto\/vendo-campo-en-los-molles\/","title":{"rendered":"VENDO CAMPO EN LOS MOLLES"},"content":{"rendered":"<ul>\n<li>UBICACI\u00d3N:\u00a0 En Los Molles, sierras chicas, C\u00f3rdoba.<\/li>\n<li>SUPERFICIE: 490 hect\u00e1reas de las cuales de 10 a 15 % son chacras agr\u00edcolas, el resto ganadero.<\/li>\n<li>MEJORAS: 2 molinos, 1 manga, casilla de curaciones, un embarcadero, un tanque australiano de 12.000 litros, molino de bombeo 500 hs y 3 corrales.<\/li>\n<li>PAPELES: con escritura.<\/li>\n<li>PRECIO: USD 3.000<strong> por hect\u00e1rea.<\/strong><\/li>\n<li>CONTACTO: 3525 646307<\/li>\n<\/ul>\n","protected":false},"excerpt":{"rendered":"<p>UBICACI\u00d3N:\u00a0 En Los Molles, sierras chicas, C\u00f3rdoba. SUPERFICIE: 490 hect\u00e1reas de las cuales de 10 a 15 % son chacras agr\u00edcolas, el resto ganadero. MEJORAS: 2 molinos, 1 manga, casilla de curaciones, un embarcadero, un tanque australiano de 12.000 litros, molino de bombeo 500 hs y 3 corrales. PAPELES: con escritura. PRECIO: USD 3.000 por [&hellip;]<\/p>\n","protected":false},"featured_media":4640,"comment_status":"open","ping_status":"closed","template":"","meta":{"_et_pb_use_builder":"","_et_pb_old_content":"","_et_gb_content_width":""},"product_brand":[],"product_cat":[22],"product_tag":[],"class_list":{"0":"post-4639","1":"product","2":"type-product","3":"status-publish","4":"has-post-thumbnail","6":"product_cat-campos","8":"first","9":"instock","10":"shipping-taxable","11":"purchasable","12":"product-type-simple"},"_links":{"self":[{"href":"https:\/\/lopezinmobiliaria.com\/index.php\/wp-json\/wp\/v2\/product\/4639","targetHints":{"allow":["GET"]}}],"collection":[{"href":"https:\/\/lopezinmobiliaria.com\/index.php\/wp-json\/wp\/v2\/product"}],"about":[{"href":"https:\/\/lopezinmobiliaria.com\/index.php\/wp-json\/wp\/v2\/types\/product"}],"replies":[{"embeddable":true,"href":"https:\/\/lopezinmobiliaria.com\/index.php\/wp-json\/wp\/v2\/comments?post=4639"}],"wp:featuredmedia":[{"embeddable":true,"href":"https:\/\/lopezinmobiliaria.com\/index.php\/wp-json\/wp\/v2\/media\/4640"}],"wp:attachment":[{"href":"https:\/\/lopezinmobiliaria.com\/index.php\/wp-json\/wp\/v2\/media?parent=4639"}],"wp:term":[{"taxonomy":"product_brand","embeddable":true,"href":"https:\/\/lopezinmobiliaria.com\/index.php\/wp-json\/wp\/v2\/product_brand?post=4639"},{"taxonomy":"product_cat","embeddable":true,"href":"https:\/\/lopezinmobiliaria.com\/index.php\/wp-json\/wp\/v2\/product_cat?post=4639"},{"taxonomy":"product_tag","embeddable":true,"href":"https:\/\/lopezinmobiliaria.com\/index.php\/wp-json\/wp\/v2\/product_tag?post=4639"}],"curies":[{"name":"wp","href":"https:\/\/api.w.org\/{rel}","templated":true}]}}