{"id":4624,"date":"2024-07-18T21:12:38","date_gmt":"2024-07-18T21:12:38","guid":{"rendered":"https:\/\/lopezinmobiliaria.com\/?post_type=product&#038;p=4624"},"modified":"2026-01-27T15:19:03","modified_gmt":"2026-01-27T15:19:03","slug":"vendo-casa-en-las-vertientes-av-la-blanqueada","status":"publish","type":"product","link":"https:\/\/lopezinmobiliaria.com\/index.php\/producto\/vendo-casa-en-las-vertientes-av-la-blanqueada\/","title":{"rendered":"VENDO CASA EN LAS VERTIENTES | Av. La Blanqueada"},"content":{"rendered":"<ul>\n<li>UBICACI\u00d3N: Inmueble ubicado en Av. La Blanqueada, a 400 mts de la ruta E-53.<\/li>\n<li>Casa con una superficie de 45 mts cubiertos, pre fabricada y revestida&#8230; <strong>Distribuci\u00f3n:<\/strong> comedor con salamandra nueva, ya instalada, living, kichenet, ba\u00f1o y dos\u00a0 habitaciones. En el ingreso encontramos una hermosa galer\u00eda que se extiende hacia un costado de la casa con un deck en perfecto estado. Adem\u00e1s la vivienda cuenta con un cuartito que se utiliza de lavadero, un techo para el veh\u00edculo,\u00a0 y una pileta\u00a0 de 5 x 3,5 ubicada en un lugar justo para tener privacidad y disfrutar de la tranquilidad y la vegetaci\u00f3n que la rodea.<\/li>\n<li>LOTE: su superficie total es de\u00a0 702mts2, (18 x 39) lote alambrado en su per\u00edmetro y con port\u00f3n de madera en su ingreso.<\/li>\n<li>SERVICIOS: La vivienda cuenta con servicio de luz, agua e internet.<\/li>\n<li>PRECIO: USD 65.000<\/li>\n<li>PAPELES: Listo para realizar la escritura.<\/li>\n<li>CONTACTO: 3525 646307<\/li>\n<\/ul>\n","protected":false},"excerpt":{"rendered":"<p>UBICACI\u00d3N: Inmueble ubicado en Av. La Blanqueada, a 400 mts de la ruta E-53. Casa con una superficie de 45 mts cubiertos, pre fabricada y revestida&#8230; Distribuci\u00f3n: comedor con salamandra nueva, ya instalada, living, kichenet, ba\u00f1o y dos\u00a0 habitaciones. En el ingreso encontramos una hermosa galer\u00eda que se extiende hacia un costado de la casa [&hellip;]<\/p>\n","protected":false},"featured_media":4625,"comment_status":"open","ping_status":"closed","template":"","meta":{"_et_pb_use_builder":"","_et_pb_old_content":"","_et_gb_content_width":""},"product_brand":[],"product_cat":[20],"product_tag":[],"class_list":{"0":"post-4624","1":"product","2":"type-product","3":"status-publish","4":"has-post-thumbnail","6":"product_cat-casas","8":"first","9":"instock","10":"featured","11":"shipping-taxable","12":"purchasable","13":"product-type-simple"},"_links":{"self":[{"href":"https:\/\/lopezinmobiliaria.com\/index.php\/wp-json\/wp\/v2\/product\/4624","targetHints":{"allow":["GET"]}}],"collection":[{"href":"https:\/\/lopezinmobiliaria.com\/index.php\/wp-json\/wp\/v2\/product"}],"about":[{"href":"https:\/\/lopezinmobiliaria.com\/index.php\/wp-json\/wp\/v2\/types\/product"}],"replies":[{"embeddable":true,"href":"https:\/\/lopezinmobiliaria.com\/index.php\/wp-json\/wp\/v2\/comments?post=4624"}],"wp:featuredmedia":[{"embeddable":true,"href":"https:\/\/lopezinmobiliaria.com\/index.php\/wp-json\/wp\/v2\/media\/4625"}],"wp:attachment":[{"href":"https:\/\/lopezinmobiliaria.com\/index.php\/wp-json\/wp\/v2\/media?parent=4624"}],"wp:term":[{"taxonomy":"product_brand","embeddable":true,"href":"https:\/\/lopezinmobiliaria.com\/index.php\/wp-json\/wp\/v2\/product_brand?post=4624"},{"taxonomy":"product_cat","embeddable":true,"href":"https:\/\/lopezinmobiliaria.com\/index.php\/wp-json\/wp\/v2\/product_cat?post=4624"},{"taxonomy":"product_tag","embeddable":true,"href":"https:\/\/lopezinmobiliaria.com\/index.php\/wp-json\/wp\/v2\/product_tag?post=4624"}],"curies":[{"name":"wp","href":"https:\/\/api.w.org\/{rel}","templated":true}]}}