{"id":4608,"date":"2024-07-18T20:15:54","date_gmt":"2024-07-18T20:15:54","guid":{"rendered":"https:\/\/lopezinmobiliaria.com\/?post_type=product&#038;p=4608"},"modified":"2026-01-27T15:20:18","modified_gmt":"2026-01-27T15:20:18","slug":"vendo-casa-de-campo-en-los-molles-calle-algarrobo","status":"publish","type":"product","link":"https:\/\/lopezinmobiliaria.com\/index.php\/producto\/vendo-casa-de-campo-en-los-molles-calle-algarrobo\/","title":{"rendered":"VENDO CASA DE CAMPO EN LOS MOLLES | calle Algarrobo"},"content":{"rendered":"<ul>\n<li>UBICACI\u00d3N: Calle Algarrobo, sobre el camino que va a Jes\u00fas Mar\u00eda y a 300 mts del cruce principal.<\/li>\n<li>SUP. CUBIERTA TOTAL: 258 mts2.<\/li>\n<li>CARACTERISTICAS:<br \/>\n\u2714\ufe0fcasa principal: compuesta por living comedor, cocina amoblada, ante ba\u00f1o,\u00a0 ba\u00f1o con ba\u00f1era con hidromasaje, un dormitorio con placar empotrado en la pared y una galer\u00eda amplia, abierta, con asador. Toda la casa tiene carpinter\u00eda de aluminio de excelente calidad, con rejas. Al costado de la vivienda un espacio techado con capacidad para dos veh\u00edculos.<br \/>\n\u2714\ufe0f Pileta\u00a0 de aproximadamente 32 mts2, de material.<br \/>\n\u2714\ufe0f Casa pre fabricada revestida,<strong> distribuci\u00f3n:<\/strong> cocina comedor, ba\u00f1o y dos dormitorios. Todas las Ventanas con rejas.<\/li>\n<li>SUP. LOTE: 10.000 mts2, lote todo plano,\u00a0 cerrado en su per\u00edmetro y con tranquera de madera en su ingreso. Tierra apta para la siembra.<\/li>\n<li>PAPELES: Escritura perfecta y planos aprobados.<\/li>\n<li>PRECIO: USD 130.000<\/li>\n<li>CONTACTO: 3525 646307<\/li>\n<\/ul>\n","protected":false},"excerpt":{"rendered":"<p>UBICACI\u00d3N: Calle Algarrobo, sobre el camino que va a Jes\u00fas Mar\u00eda y a 300 mts del cruce principal. SUP. CUBIERTA TOTAL: 258 mts2. CARACTERISTICAS: \u2714\ufe0fcasa principal: compuesta por living comedor, cocina amoblada, ante ba\u00f1o,\u00a0 ba\u00f1o con ba\u00f1era con hidromasaje, un dormitorio con placar empotrado en la pared y una galer\u00eda amplia, abierta, con asador. Toda [&hellip;]<\/p>\n","protected":false},"featured_media":4609,"comment_status":"open","ping_status":"closed","template":"","meta":{"_et_pb_use_builder":"","_et_pb_old_content":"","_et_gb_content_width":""},"product_brand":[],"product_cat":[20],"product_tag":[],"class_list":{"0":"post-4608","1":"product","2":"type-product","3":"status-publish","4":"has-post-thumbnail","6":"product_cat-casas","8":"first","9":"instock","10":"featured","11":"shipping-taxable","12":"purchasable","13":"product-type-simple"},"_links":{"self":[{"href":"https:\/\/lopezinmobiliaria.com\/index.php\/wp-json\/wp\/v2\/product\/4608","targetHints":{"allow":["GET"]}}],"collection":[{"href":"https:\/\/lopezinmobiliaria.com\/index.php\/wp-json\/wp\/v2\/product"}],"about":[{"href":"https:\/\/lopezinmobiliaria.com\/index.php\/wp-json\/wp\/v2\/types\/product"}],"replies":[{"embeddable":true,"href":"https:\/\/lopezinmobiliaria.com\/index.php\/wp-json\/wp\/v2\/comments?post=4608"}],"wp:featuredmedia":[{"embeddable":true,"href":"https:\/\/lopezinmobiliaria.com\/index.php\/wp-json\/wp\/v2\/media\/4609"}],"wp:attachment":[{"href":"https:\/\/lopezinmobiliaria.com\/index.php\/wp-json\/wp\/v2\/media?parent=4608"}],"wp:term":[{"taxonomy":"product_brand","embeddable":true,"href":"https:\/\/lopezinmobiliaria.com\/index.php\/wp-json\/wp\/v2\/product_brand?post=4608"},{"taxonomy":"product_cat","embeddable":true,"href":"https:\/\/lopezinmobiliaria.com\/index.php\/wp-json\/wp\/v2\/product_cat?post=4608"},{"taxonomy":"product_tag","embeddable":true,"href":"https:\/\/lopezinmobiliaria.com\/index.php\/wp-json\/wp\/v2\/product_tag?post=4608"}],"curies":[{"name":"wp","href":"https:\/\/api.w.org\/{rel}","templated":true}]}}