{"id":4510,"date":"2024-04-25T20:45:51","date_gmt":"2024-04-25T20:45:51","guid":{"rendered":"https:\/\/lopezinmobiliaria.com\/?post_type=product&#038;p=4510"},"modified":"2024-07-17T13:31:47","modified_gmt":"2024-07-17T13:31:47","slug":"vendo-fraccion-de-940-hectareas","status":"publish","type":"product","link":"https:\/\/lopezinmobiliaria.com\/index.php\/producto\/vendo-fraccion-de-940-hectareas\/","title":{"rendered":"VENDO FRACCION EN LOS MOLLES"},"content":{"rendered":"<ul>\n<li>\u00a0VENDO FRACCI\u00d3N: 490 hect\u00e1reas.<\/li>\n<li>UBICACI\u00d3N:\u00a0 En Los Molles, sierras chicas, C\u00f3rdoba.<\/li>\n<li>\u00a0SUPERFICIE: 490 hect\u00e1reas de las cuales de 10 a 15 % son chacras agr\u00edcolas, el resto ganadero.<\/li>\n<li>\u00a0MEJORAS: 2 molinos, 1 manga, casilla de curaciones, un embarcadero, un tanque australiano de 12.000 litros, molino de bombeo 500 hs y 3 corrales.<\/li>\n<li>\u00a0PAPELES: con escritura.<\/li>\n<li>PRECIO: USD 3.000 por hect\u00e1rea.<\/li>\n<li>CONTACTO\u00a0 3525 646307 para m\u00e1s informaci\u00f3n\u00a0 o coordinamos una visita!!!<\/li>\n<\/ul>\n","protected":false},"excerpt":{"rendered":"<p>\u00a0VENDO FRACCI\u00d3N: 490 hect\u00e1reas. UBICACI\u00d3N:\u00a0 En Los Molles, sierras chicas, C\u00f3rdoba. \u00a0SUPERFICIE: 490 hect\u00e1reas de las cuales de 10 a 15 % son chacras agr\u00edcolas, el resto ganadero. \u00a0MEJORAS: 2 molinos, 1 manga, casilla de curaciones, un embarcadero, un tanque australiano de 12.000 litros, molino de bombeo 500 hs y 3 corrales. \u00a0PAPELES: con escritura. [&hellip;]<\/p>\n","protected":false},"featured_media":4512,"comment_status":"open","ping_status":"closed","template":"","meta":{"_et_pb_use_builder":"","_et_pb_old_content":"","_et_gb_content_width":""},"product_brand":[],"product_cat":[22],"product_tag":[162,165,163,166,164],"class_list":{"0":"post-4510","1":"product","2":"type-product","3":"status-publish","4":"has-post-thumbnail","6":"product_cat-campos","7":"product_tag-campos-en-venta-en-la-granja-cordobo","8":"product_tag-inmobiliaria-la-granja-cordoba","9":"product_tag-inmobiliaria-lopez-la-granja-cordoba","10":"product_tag-inmobiliaria-sierras-chicas","11":"product_tag-inomiliaria-lopez-la-granja","13":"first","14":"instock","15":"shipping-taxable","16":"purchasable","17":"product-type-simple"},"_links":{"self":[{"href":"https:\/\/lopezinmobiliaria.com\/index.php\/wp-json\/wp\/v2\/product\/4510","targetHints":{"allow":["GET"]}}],"collection":[{"href":"https:\/\/lopezinmobiliaria.com\/index.php\/wp-json\/wp\/v2\/product"}],"about":[{"href":"https:\/\/lopezinmobiliaria.com\/index.php\/wp-json\/wp\/v2\/types\/product"}],"replies":[{"embeddable":true,"href":"https:\/\/lopezinmobiliaria.com\/index.php\/wp-json\/wp\/v2\/comments?post=4510"}],"wp:featuredmedia":[{"embeddable":true,"href":"https:\/\/lopezinmobiliaria.com\/index.php\/wp-json\/wp\/v2\/media\/4512"}],"wp:attachment":[{"href":"https:\/\/lopezinmobiliaria.com\/index.php\/wp-json\/wp\/v2\/media?parent=4510"}],"wp:term":[{"taxonomy":"product_brand","embeddable":true,"href":"https:\/\/lopezinmobiliaria.com\/index.php\/wp-json\/wp\/v2\/product_brand?post=4510"},{"taxonomy":"product_cat","embeddable":true,"href":"https:\/\/lopezinmobiliaria.com\/index.php\/wp-json\/wp\/v2\/product_cat?post=4510"},{"taxonomy":"product_tag","embeddable":true,"href":"https:\/\/lopezinmobiliaria.com\/index.php\/wp-json\/wp\/v2\/product_tag?post=4510"}],"curies":[{"name":"wp","href":"https:\/\/api.w.org\/{rel}","templated":true}]}}