{"id":4446,"date":"2024-02-19T22:05:54","date_gmt":"2024-02-19T22:05:54","guid":{"rendered":"https:\/\/lopezinmobiliaria.com\/?post_type=product&#038;p=4446"},"modified":"2026-01-29T12:43:47","modified_gmt":"2026-01-29T12:43:47","slug":"vendo-casa-en-villa-ani-mi","status":"publish","type":"product","link":"https:\/\/lopezinmobiliaria.com\/index.php\/producto\/vendo-casa-en-villa-ani-mi\/","title":{"rendered":"VENDO CASA EN VILLA ANIMI\/ calle Ombu"},"content":{"rendered":"<p>VENDO CASA EN VILLA ANI MI<\/p>\n<ul>\n<li>Ubicaci\u00f3n: Calle Sombra de Toro esquina Omb\u00fa<\/li>\n<li>Casa de dos Plantas: en planta baja, tenemos una galer\u00eda abierta,\u00a0 un living comedor, una habitaci\u00f3n, ba\u00f1o, cocina y lavadero, galer\u00eda techada con capacidad para dos veh\u00edculos.<\/li>\n<li>Planta Alta: tres habitaciones de las cuales dos tienen balc\u00f3n y un\u00a0 ba\u00f1o<\/li>\n<li>Antig\u00fcedad de 5 a\u00f1os<\/li>\n<li>Lote esquina plano y alambrado en su per\u00edmetro<\/li>\n<li>Precio : usd 85.000<\/li>\n<li>Con planos y listo para realizar la escritura<\/li>\n<li>Para coordinar la visita contactar a 03525 15646307 o 03525 15432020<\/li>\n<\/ul>\n","protected":false},"excerpt":{"rendered":"<p>VENDO CASA EN VILLA ANI MI Ubicaci\u00f3n: Calle Sombra de Toro esquina Omb\u00fa Casa de dos Plantas: en planta baja, tenemos una galer\u00eda abierta,\u00a0 un living comedor, una habitaci\u00f3n, ba\u00f1o, cocina y lavadero, galer\u00eda techada con capacidad para dos veh\u00edculos. Planta Alta: tres habitaciones de las cuales dos tienen balc\u00f3n y un\u00a0 ba\u00f1o Antig\u00fcedad de [&hellip;]<\/p>\n","protected":false},"featured_media":4450,"comment_status":"open","ping_status":"closed","template":"","meta":{"_et_pb_use_builder":"","_et_pb_old_content":"","_et_gb_content_width":""},"product_brand":[],"product_cat":[20],"product_tag":[147,52,51,28,41,78],"class_list":{"0":"post-4446","1":"product","2":"type-product","3":"status-publish","4":"has-post-thumbnail","6":"product_cat-casas","7":"product_tag-casa-en-las-sierras-de-cordoba","8":"product_tag-casa-en-venta","9":"product_tag-cordoba","10":"product_tag-inmobiliaria-en-la-granja","11":"product_tag-inmobiliaria-lopez","12":"product_tag-sierras-de-cordoba","14":"first","15":"instock","16":"featured","17":"shipping-taxable","18":"purchasable","19":"product-type-simple"},"_links":{"self":[{"href":"https:\/\/lopezinmobiliaria.com\/index.php\/wp-json\/wp\/v2\/product\/4446","targetHints":{"allow":["GET"]}}],"collection":[{"href":"https:\/\/lopezinmobiliaria.com\/index.php\/wp-json\/wp\/v2\/product"}],"about":[{"href":"https:\/\/lopezinmobiliaria.com\/index.php\/wp-json\/wp\/v2\/types\/product"}],"replies":[{"embeddable":true,"href":"https:\/\/lopezinmobiliaria.com\/index.php\/wp-json\/wp\/v2\/comments?post=4446"}],"wp:featuredmedia":[{"embeddable":true,"href":"https:\/\/lopezinmobiliaria.com\/index.php\/wp-json\/wp\/v2\/media\/4450"}],"wp:attachment":[{"href":"https:\/\/lopezinmobiliaria.com\/index.php\/wp-json\/wp\/v2\/media?parent=4446"}],"wp:term":[{"taxonomy":"product_brand","embeddable":true,"href":"https:\/\/lopezinmobiliaria.com\/index.php\/wp-json\/wp\/v2\/product_brand?post=4446"},{"taxonomy":"product_cat","embeddable":true,"href":"https:\/\/lopezinmobiliaria.com\/index.php\/wp-json\/wp\/v2\/product_cat?post=4446"},{"taxonomy":"product_tag","embeddable":true,"href":"https:\/\/lopezinmobiliaria.com\/index.php\/wp-json\/wp\/v2\/product_tag?post=4446"}],"curies":[{"name":"wp","href":"https:\/\/api.w.org\/{rel}","templated":true}]}}