{"id":4434,"date":"2024-02-19T20:50:31","date_gmt":"2024-02-19T20:50:31","guid":{"rendered":"https:\/\/lopezinmobiliaria.com\/?post_type=product&#038;p=4434"},"modified":"2026-01-29T12:49:54","modified_gmt":"2026-01-29T12:49:54","slug":"vendo-casa-en-la-granja","status":"publish","type":"product","link":"https:\/\/lopezinmobiliaria.com\/index.php\/producto\/vendo-casa-en-la-granja\/","title":{"rendered":"Vendo casa en La Granja"},"content":{"rendered":"<ul>\n<li>Ubicaci\u00f3n: a 20 metros de la ruta e -53, sobre calle El Aguaribay.<\/li>\n<li>Propiedad conformada por tres construcci\u00f3n<\/li>\n<\/ul>\n<p>1: Casa Principal:\u00a0 compuesta por living, un comedor, una cocina, dos habitaciones, un ba\u00f1o, un lavadero y galer\u00eda<\/p>\n<p>Superficie cubierta :128 mts2<\/p>\n<p>2: Departamento : con cocina comedor, una habitaci\u00f3n, y un ba\u00f1o. superficie cubierta de 30 metros cuadrados.<\/p>\n<p>3: Deposito : para guardar herramientas .Superficie de 10 metros cuadrados<\/p>\n<ul>\n<li>Lote: el lote donde se asienta la vivienda es de 812 metros cuadrados, todo plano alambrado en su per\u00edmetro, con portones de ingreso de madera.<\/li>\n<li>Dato importante : la casa cuenta con tel\u00e9fono fijo<\/li>\n<li>Precio : usd 85.000<\/li>\n<li>Papeles : Escritura al dia<\/li>\n<li>Contacto: telefono 03525 15646307 0 03525 15432020<\/li>\n<\/ul>\n","protected":false},"excerpt":{"rendered":"<p>Ubicaci\u00f3n: a 20 metros de la ruta e -53, sobre calle El Aguaribay. Propiedad conformada por tres construcci\u00f3n 1: Casa Principal:\u00a0 compuesta por living, un comedor, una cocina, dos habitaciones, un ba\u00f1o, un lavadero y galer\u00eda Superficie cubierta :128 mts2 2: Departamento : con cocina comedor, una habitaci\u00f3n, y un ba\u00f1o. superficie cubierta de 30 [&hellip;]<\/p>\n","protected":false},"featured_media":4441,"comment_status":"open","ping_status":"closed","template":"","meta":{"_et_pb_use_builder":"","_et_pb_old_content":"","_et_gb_content_width":""},"product_brand":[],"product_cat":[20],"product_tag":[146,47,145,48],"class_list":{"0":"post-4434","1":"product","2":"type-product","3":"status-publish","4":"has-post-thumbnail","6":"product_cat-casas","7":"product_tag-casa-en-cordoba-sierras","8":"product_tag-casa-en-las-sierras","9":"product_tag-casa-en-venta-en-cordoba","10":"product_tag-casa-en-venta-en-la-granja","12":"first","13":"instock","14":"featured","15":"shipping-taxable","16":"purchasable","17":"product-type-simple"},"_links":{"self":[{"href":"https:\/\/lopezinmobiliaria.com\/index.php\/wp-json\/wp\/v2\/product\/4434","targetHints":{"allow":["GET"]}}],"collection":[{"href":"https:\/\/lopezinmobiliaria.com\/index.php\/wp-json\/wp\/v2\/product"}],"about":[{"href":"https:\/\/lopezinmobiliaria.com\/index.php\/wp-json\/wp\/v2\/types\/product"}],"replies":[{"embeddable":true,"href":"https:\/\/lopezinmobiliaria.com\/index.php\/wp-json\/wp\/v2\/comments?post=4434"}],"wp:featuredmedia":[{"embeddable":true,"href":"https:\/\/lopezinmobiliaria.com\/index.php\/wp-json\/wp\/v2\/media\/4441"}],"wp:attachment":[{"href":"https:\/\/lopezinmobiliaria.com\/index.php\/wp-json\/wp\/v2\/media?parent=4434"}],"wp:term":[{"taxonomy":"product_brand","embeddable":true,"href":"https:\/\/lopezinmobiliaria.com\/index.php\/wp-json\/wp\/v2\/product_brand?post=4434"},{"taxonomy":"product_cat","embeddable":true,"href":"https:\/\/lopezinmobiliaria.com\/index.php\/wp-json\/wp\/v2\/product_cat?post=4434"},{"taxonomy":"product_tag","embeddable":true,"href":"https:\/\/lopezinmobiliaria.com\/index.php\/wp-json\/wp\/v2\/product_tag?post=4434"}],"curies":[{"name":"wp","href":"https:\/\/api.w.org\/{rel}","templated":true}]}}