{"id":4404,"date":"2023-07-24T23:04:09","date_gmt":"2023-07-24T23:04:09","guid":{"rendered":"https:\/\/lopezinmobiliaria.com\/?post_type=product&#038;p=4404"},"modified":"2026-01-29T13:02:27","modified_gmt":"2026-01-29T13:02:27","slug":"vendo-fraccion-en-san-jorge","status":"publish","type":"product","link":"https:\/\/lopezinmobiliaria.com\/index.php\/producto\/vendo-fraccion-en-san-jorge\/","title":{"rendered":"VENDO FRACCION EN SAN JORGE | sobre calle principal"},"content":{"rendered":"<div dir=\"auto\"><\/div>\n<ul>\n<li>\n<div dir=\"auto\">\u00a0UBICACI\u00d3N: sobre la calle principal en el ingreso de la localidad.<\/div>\n<\/li>\n<li>\n<div dir=\"auto\">SUPERFICIE: fracci\u00f3n de 13.100 mts2, todo alambrado en su per\u00edmetro, con vegetaci\u00f3n aut\u00f3ctona y una construcci\u00f3n para una futura vivienda con cimientos y paredes hasta casi la altura del techo<\/div>\n<\/li>\n<li>\n<div dir=\"auto\">SERVICIOS: la energ\u00eda el\u00e9ctrica pasa por la calle.<\/div>\n<\/li>\n<li>\n<div dir=\"auto\">Papeles: escritura inmediata y planos<\/div>\n<\/li>\n<li>\n<div dir=\"auto\">PRECIO : USD 35.000<\/div>\n<\/li>\n<li>\n<div dir=\"auto\">CONTACTO: 03525 15646307<\/div>\n<\/li>\n<\/ul>\n","protected":false},"excerpt":{"rendered":"<p>\u00a0UBICACI\u00d3N: sobre la calle principal en el ingreso de la localidad. SUPERFICIE: fracci\u00f3n de 13.100 mts2, todo alambrado en su per\u00edmetro, con vegetaci\u00f3n aut\u00f3ctona y una construcci\u00f3n para una futura vivienda con cimientos y paredes hasta casi la altura del techo SERVICIOS: la energ\u00eda el\u00e9ctrica pasa por la calle. Papeles: escritura inmediata y planos PRECIO [&hellip;]<\/p>\n","protected":false},"featured_media":4409,"comment_status":"open","ping_status":"closed","template":"","meta":{"_et_pb_use_builder":"","_et_pb_old_content":"","_et_gb_content_width":""},"product_brand":[],"product_cat":[22],"product_tag":[139,138,140,58,42,53,33,136,137],"class_list":{"0":"post-4404","1":"product","2":"type-product","3":"status-publish","4":"has-post-thumbnail","6":"product_cat-campos","7":"product_tag-campo-en-la-granja","8":"product_tag-campos-en-venta-campos-en-la-granja","9":"product_tag-cordoba-inmobiliaria","10":"product_tag-inmobiliaria-la-granja","11":"product_tag-la-granja-cordoba","12":"product_tag-lote-en-venta","13":"product_tag-lotes-en-las-sierras","14":"product_tag-sierras-de-cordoba-sierra-de-cordoba","15":"product_tag-venta-de-lotes","17":"first","18":"instock","19":"featured","20":"shipping-taxable","21":"purchasable","22":"product-type-simple"},"_links":{"self":[{"href":"https:\/\/lopezinmobiliaria.com\/index.php\/wp-json\/wp\/v2\/product\/4404","targetHints":{"allow":["GET"]}}],"collection":[{"href":"https:\/\/lopezinmobiliaria.com\/index.php\/wp-json\/wp\/v2\/product"}],"about":[{"href":"https:\/\/lopezinmobiliaria.com\/index.php\/wp-json\/wp\/v2\/types\/product"}],"replies":[{"embeddable":true,"href":"https:\/\/lopezinmobiliaria.com\/index.php\/wp-json\/wp\/v2\/comments?post=4404"}],"wp:featuredmedia":[{"embeddable":true,"href":"https:\/\/lopezinmobiliaria.com\/index.php\/wp-json\/wp\/v2\/media\/4409"}],"wp:attachment":[{"href":"https:\/\/lopezinmobiliaria.com\/index.php\/wp-json\/wp\/v2\/media?parent=4404"}],"wp:term":[{"taxonomy":"product_brand","embeddable":true,"href":"https:\/\/lopezinmobiliaria.com\/index.php\/wp-json\/wp\/v2\/product_brand?post=4404"},{"taxonomy":"product_cat","embeddable":true,"href":"https:\/\/lopezinmobiliaria.com\/index.php\/wp-json\/wp\/v2\/product_cat?post=4404"},{"taxonomy":"product_tag","embeddable":true,"href":"https:\/\/lopezinmobiliaria.com\/index.php\/wp-json\/wp\/v2\/product_tag?post=4404"}],"curies":[{"name":"wp","href":"https:\/\/api.w.org\/{rel}","templated":true}]}}