{"id":3470,"date":"2020-09-07T13:42:57","date_gmt":"2020-09-07T13:42:57","guid":{"rendered":"http:\/\/lopezinmobiliaria.com\/?page_id=3470"},"modified":"2024-07-11T14:02:31","modified_gmt":"2024-07-11T14:02:31","slug":"inicio","status":"publish","type":"page","link":"https:\/\/lopezinmobiliaria.com\/","title":{"rendered":"Inicio"},"content":{"rendered":"<p>[et_pb_section fb_built=&#8221;1&#8243; admin_label=&#8221;Hero section&#8221; _builder_version=&#8221;4.4.8&#8243; background_image=&#8221;http:\/\/lopezinmobiliaria.com\/wp-content\/uploads\/2020\/09\/La-Granja-Cordoba-Argentina-2.jpg&#8221; parallax=&#8221;on&#8221; parallax_method=&#8221;off&#8221; custom_margin=&#8221;||13px|||&#8221; custom_padding=&#8221;10.7%||11.9%|||&#8221; bottom_divider_style=&#8221;curve&#8221; bottom_divider_color=&#8221;#ffffff&#8221; bottom_divider_height_tablet=&#8221;&#8221; bottom_divider_height_phone=&#8221;21px&#8221; bottom_divider_height_last_edited=&#8221;on|desktop&#8221;][et_pb_row column_structure=&#8221;3_5,2_5&#8243; _builder_version=&#8221;3.25&#8243; custom_margin=&#8221;|||&#8221;][et_pb_column type=&#8221;3_5&#8243; _builder_version=&#8221;3.25&#8243; custom_padding=&#8221;1px|||&#8221; custom_padding__hover=&#8221;|||&#8221;][et_pb_cta title=&#8221;INMOBILIARIA EN LA GRANJA&#8221; button_url=&#8221;#propiedades&#8221; button_text=&#8221;VER PROPIEDADES&#8221; _builder_version=&#8221;4.4.8&#8243; header_level=&#8221;h1&#8243; header_font=&#8221;Lato|900||on|||||&#8221; header_font_size=&#8221;500%&#8221; header_letter_spacing=&#8221;2px&#8221; header_line_height=&#8221;1.2em&#8221; body_font=&#8221;Lato||||||||&#8221; body_font_size=&#8221;20px&#8221; body_line_height=&#8221;1.8em&#8221; use_background_color=&#8221;off&#8221; custom_button=&#8221;on&#8221; button_text_size=&#8221;16px&#8221; button_text_color=&#8221;#ffffff&#8221; button_bg_color=&#8221;#fe893d&#8221; button_border_width=&#8221;6px&#8221; button_border_color=&#8221;#fe893d&#8221; button_border_radius=&#8221;5px&#8221; button_letter_spacing=&#8221;2px&#8221; button_font=&#8221;Lato|900||on|||||&#8221; text_orientation=&#8221;left&#8221; max_width=&#8221;750px&#8221; module_alignment=&#8221;left&#8221; animation_style=&#8221;slide&#8221; animation_direction=&#8221;left&#8221; header_font_size_tablet=&#8221;46px&#8221; header_font_size_phone=&#8221;220%&#8221; header_font_size_last_edited=&#8221;on|phone&#8221; header_text_shadow_style=&#8221;preset1&#8243; header_text_shadow_blur_strength=&#8221;0.6em&#8221; header_text_shadow_color=&#8221;rgba(0,0,0,0.6)&#8221; box_shadow_style_button=&#8221;preset3&#8243; box_shadow_blur_button=&#8221;30px&#8221; box_shadow_spread_button=&#8221;8px&#8221; box_shadow_color_button=&#8221;rgba(250,127,40,0.15)&#8221; button_letter_spacing_hover=&#8221;2px&#8221; button_text_size__hover_enabled=&#8221;off&#8221; button_one_text_size__hover_enabled=&#8221;off&#8221; button_two_text_size__hover_enabled=&#8221;off&#8221; button_text_color__hover_enabled=&#8221;off&#8221; button_one_text_color__hover_enabled=&#8221;off&#8221; button_two_text_color__hover_enabled=&#8221;off&#8221; button_border_width__hover_enabled=&#8221;off&#8221; button_one_border_width__hover_enabled=&#8221;off&#8221; button_two_border_width__hover_enabled=&#8221;off&#8221; button_border_color__hover_enabled=&#8221;off&#8221; button_one_border_color__hover_enabled=&#8221;off&#8221; button_two_border_color__hover_enabled=&#8221;off&#8221; button_border_radius__hover_enabled=&#8221;off&#8221; button_one_border_radius__hover_enabled=&#8221;off&#8221; button_two_border_radius__hover_enabled=&#8221;off&#8221; button_letter_spacing__hover_enabled=&#8221;on&#8221; button_letter_spacing__hover=&#8221;2px&#8221; button_one_letter_spacing__hover_enabled=&#8221;off&#8221; button_two_letter_spacing__hover_enabled=&#8221;off&#8221; button_bg_color__hover_enabled=&#8221;off&#8221; button_one_bg_color__hover_enabled=&#8221;off&#8221; button_two_bg_color__hover_enabled=&#8221;off&#8221;][\/et_pb_cta][\/et_pb_column][et_pb_column type=&#8221;2_5&#8243; _builder_version=&#8221;3.25&#8243; custom_padding=&#8221;|||&#8221; custom_padding__hover=&#8221;|||&#8221;][et_pb_text _builder_version=&#8221;4.4.8&#8243; text_font=&#8221;Lato|700|||||||&#8221; text_text_color=&#8221;#ffffff&#8221; text_font_size=&#8221;145%&#8221; text_line_height=&#8221;2em&#8221; link_font=&#8221;||||||||&#8221; link_text_color=&#8221;#ffffff&#8221; header_font=&#8221;||||||||&#8221; header_2_font=&#8221;Lato||||||||&#8221; header_3_font=&#8221;Lato|700|||||||&#8221; header_3_font_size=&#8221;200%&#8221; header_3_line_height=&#8221;1.5em&#8221; background_color=&#8221;rgba(254,137,61,0.76)&#8221; background_layout=&#8221;dark&#8221; custom_margin=&#8221;17.3%||-20px|||&#8221; custom_margin_tablet=&#8221;40px|||&#8221; custom_margin_phone=&#8221;&#8221; custom_margin_last_edited=&#8221;on|tablet&#8221; custom_padding=&#8221;30px|30px|40px|30px&#8221; custom_padding_tablet=&#8221;&#8221; custom_padding_phone=&#8221;&#8221; custom_padding_last_edited=&#8221;on|tablet&#8221; animation_style=&#8221;fade&#8221; animation_delay=&#8221;100ms&#8221; text_font_size_tablet=&#8221;&#8221; text_font_size_phone=&#8221;100%&#8221; text_font_size_last_edited=&#8221;on|phone&#8221; border_radii=&#8221;on|6px|6px|6px|6px&#8221; border_color_all=&#8221;#fa7f28&#8243; border_width_top=&#8221;6px&#8221; border_color_top=&#8221;#4e7822&#8243; locked=&#8221;off&#8221;]<\/p>\n<h3>Contacto<\/h3>\n<p>Tel\u00e9fono: +54 9 3525 64-6307<\/p>\n<p>[\/et_pb_text][et_pb_button button_url=&#8221;http:\/\/wa.me\/5493525646307&#8243; button_text=&#8221;chat de whatsapp&#8221; button_alignment=&#8221;left&#8221; _builder_version=&#8221;4.4.8&#8243; custom_button=&#8221;on&#8221; button_text_size=&#8221;17px&#8221; button_text_color=&#8221;#ffffff&#8221; button_bg_color=&#8221;#25d366&#8243; button_border_width=&#8221;0px&#8221; button_border_radius=&#8221;3px&#8221; button_letter_spacing=&#8221;1px&#8221; button_font=&#8221;Lato|700||on|||||&#8221; button_icon=&#8221;%%20%%&#8221; background_layout=&#8221;dark&#8221; custom_margin=&#8221;|||30px&#8221; custom_padding=&#8221;8px||8px|&#8221; animation_style=&#8221;fade&#8221; animation_delay=&#8221;100ms&#8221; button_letter_spacing_hover=&#8221;1px&#8221; locked=&#8221;off&#8221; button_text_size__hover_enabled=&#8221;off&#8221; button_one_text_size__hover_enabled=&#8221;off&#8221; button_two_text_size__hover_enabled=&#8221;off&#8221; button_text_color__hover_enabled=&#8221;off&#8221; button_one_text_color__hover_enabled=&#8221;off&#8221; button_two_text_color__hover_enabled=&#8221;off&#8221; button_border_width__hover_enabled=&#8221;off&#8221; button_one_border_width__hover_enabled=&#8221;off&#8221; button_two_border_width__hover_enabled=&#8221;off&#8221; button_border_color__hover_enabled=&#8221;off&#8221; button_one_border_color__hover_enabled=&#8221;off&#8221; button_two_border_color__hover_enabled=&#8221;off&#8221; button_border_radius__hover_enabled=&#8221;off&#8221; button_one_border_radius__hover_enabled=&#8221;off&#8221; button_two_border_radius__hover_enabled=&#8221;off&#8221; button_letter_spacing__hover_enabled=&#8221;on&#8221; button_letter_spacing__hover=&#8221;1px&#8221; button_one_letter_spacing__hover_enabled=&#8221;off&#8221; button_two_letter_spacing__hover_enabled=&#8221;off&#8221; button_bg_color__hover_enabled=&#8221;off&#8221; button_one_bg_color__hover_enabled=&#8221;off&#8221; button_two_bg_color__hover_enabled=&#8221;off&#8221;][\/et_pb_button][\/et_pb_column][\/et_pb_row][\/et_pb_section][et_pb_section fb_built=&#8221;1&#8243; _builder_version=&#8221;4.4.8&#8243; background_color=&#8221;rgba(0,0,0,0)&#8221; custom_margin=&#8221;-13px||4px|||&#8221; custom_padding=&#8221;30px||2px|||&#8221;][et_pb_row _builder_version=&#8221;3.25&#8243; custom_margin=&#8221;15px|auto|-28px|auto||&#8221; custom_padding=&#8221;27px|||||&#8221;][et_pb_column type=&#8221;4_4&#8243; _builder_version=&#8221;3.25&#8243; custom_padding=&#8221;|||&#8221; custom_padding__hover=&#8221;|||&#8221;][et_pb_text _builder_version=&#8221;4.4.8&#8243; text_font=&#8221;Lato||||||||&#8221; text_text_color=&#8221;#898f99&#8243; text_font_size=&#8221;18px&#8221; text_line_height=&#8221;2em&#8221; header_font=&#8221;||||||||&#8221; header_2_font=&#8221;Lato|700|||||||&#8221; header_2_text_color=&#8221;#595959&#8243; header_2_font_size=&#8221;35px&#8221; header_2_line_height=&#8221;1.3em&#8221; header_3_font=&#8221;Lato||||||||&#8221; header_3_text_color=&#8221;#757575&#8243; header_3_font_size=&#8221;125%&#8221; header_3_line_height=&#8221;1.3em&#8221; text_orientation=&#8221;center&#8221; max_width=&#8221;800px&#8221; module_alignment=&#8221;center&#8221; custom_margin=&#8221;-27px||-11px|||&#8221; custom_padding=&#8221;||0px|||&#8221; animation_style=&#8221;slide&#8221; animation_direction=&#8221;left&#8221;]<\/p>\n<h2>\u00bfQu\u00e9 est\u00e1s buscando?<\/h2>\n<p>[\/et_pb_text][\/et_pb_column][\/et_pb_row][et_pb_row column_structure=&#8221;1_5,1_5,1_5,1_5,1_5&#8243; custom_padding_last_edited=&#8221;on|phone&#8221; _builder_version=&#8221;4.4.8&#8243; custom_margin=&#8221;|auto|30px|auto||&#8221; custom_margin_tablet=&#8221;&#8221; custom_margin_phone=&#8221;0px||||false|false&#8221; custom_margin_last_edited=&#8221;on|phone&#8221; custom_padding=&#8221;||17px|||&#8221; custom_padding_tablet=&#8221;&#8221; custom_padding_phone=&#8221;0px||0px||false|false&#8221;][et_pb_column type=&#8221;1_5&#8243; _builder_version=&#8221;4.4.8&#8243;][\/et_pb_column][et_pb_column type=&#8221;1_5&#8243; _builder_version=&#8221;4.4.8&#8243;][et_pb_button button_url=&#8221;https:\/\/lopezinmobiliaria.com\/index.php\/categoria-producto\/casas\/&#8221; button_text=&#8221;Casas&#8221; button_alignment=&#8221;center&#8221; _builder_version=&#8221;4.4.8&#8243; custom_button=&#8221;on&#8221; button_text_size=&#8221;23px&#8221; button_text_color=&#8221;#ffffff&#8221; button_bg_color=&#8221;#fe893d&#8221; button_border_width=&#8221;0px&#8221; button_border_radius=&#8221;8px&#8221; button_font=&#8221;||||||||&#8221; animation_style=&#8221;slide&#8221; animation_direction=&#8221;left&#8221;][\/et_pb_button][\/et_pb_column][et_pb_column type=&#8221;1_5&#8243; _builder_version=&#8221;4.4.8&#8243;][et_pb_button button_url=&#8221;https:\/\/lopezinmobiliaria.com\/index.php\/categoria-producto\/lotes\/&#8221; button_text=&#8221;Lotes&#8221; button_alignment=&#8221;center&#8221; _builder_version=&#8221;4.4.8&#8243; custom_button=&#8221;on&#8221; button_text_size=&#8221;23px&#8221; button_text_color=&#8221;#ffffff&#8221; button_bg_color=&#8221;#fe893d&#8221; button_border_width=&#8221;0px&#8221; button_border_radius=&#8221;8px&#8221; button_font=&#8221;||||||||&#8221; animation_style=&#8221;slide&#8221;][\/et_pb_button][\/et_pb_column][et_pb_column type=&#8221;1_5&#8243; _builder_version=&#8221;4.4.8&#8243;][et_pb_button button_url=&#8221;https:\/\/lopezinmobiliaria.com\/index.php\/categoria-producto\/campos\/&#8221; button_text=&#8221;Campos&#8221; button_alignment=&#8221;center&#8221; _builder_version=&#8221;4.4.8&#8243; custom_button=&#8221;on&#8221; button_text_size=&#8221;23px&#8221; button_text_color=&#8221;#ffffff&#8221; button_bg_color=&#8221;#fe893d&#8221; button_border_width=&#8221;0px&#8221; button_border_radius=&#8221;8px&#8221; button_font=&#8221;||||||||&#8221; animation_style=&#8221;slide&#8221; animation_direction=&#8221;right&#8221;][\/et_pb_button][\/et_pb_column][et_pb_column type=&#8221;1_5&#8243; _builder_version=&#8221;4.4.8&#8243;][\/et_pb_column][\/et_pb_row][et_pb_row _builder_version=&#8221;4.4.8&#8243; custom_margin=&#8221;-28px|auto||auto||&#8221; custom_padding=&#8221;||0px|||&#8221;][et_pb_column type=&#8221;4_4&#8243; _builder_version=&#8221;4.4.8&#8243;][et_pb_divider color=&#8221;#999999&#8243; _builder_version=&#8221;4.4.8&#8243;][\/et_pb_divider][\/et_pb_column][\/et_pb_row][\/et_pb_section][et_pb_section fb_built=&#8221;1&#8243; admin_label=&#8221;Featured Places&#8221; _builder_version=&#8221;3.22&#8243; use_background_color_gradient=&#8221;on&#8221; background_color_gradient_start=&#8221;#ffffff&#8221; background_color_gradient_end=&#8221;#e8eefc&#8221; custom_padding=&#8221;0px|0px|100px|0px||&#8221;][et_pb_row module_id=&#8221;propiedades&#8221; _builder_version=&#8221;4.4.8&#8243; custom_margin=&#8221;0px|auto||auto||&#8221;][et_pb_column type=&#8221;4_4&#8243; _builder_version=&#8221;4.4.8&#8243;][et_pb_divider color=&#8221;#fe893d&#8221; divider_weight=&#8221;10px&#8221; _builder_version=&#8221;4.4.8&#8243; width=&#8221;10%&#8221; module_alignment=&#8221;center&#8221; animation_style=&#8221;slide&#8221; animation_direction=&#8221;left&#8221;][\/et_pb_divider][et_pb_text _builder_version=&#8221;4.4.8&#8243; text_font=&#8221;Lato||||||||&#8221; text_text_color=&#8221;#898f99&#8243; text_font_size=&#8221;18px&#8221; text_line_height=&#8221;2em&#8221; header_font=&#8221;||||||||&#8221; header_2_font=&#8221;Lato|700|||||||&#8221; header_2_font_size=&#8221;42px&#8221; header_2_line_height=&#8221;1.5em&#8221; header_3_font=&#8221;Lato||||||||&#8221; header_3_text_color=&#8221;#757575&#8243; header_3_font_size=&#8221;125%&#8221; header_3_line_height=&#8221;1.3em&#8221; text_orientation=&#8221;center&#8221; max_width=&#8221;800px&#8221; module_alignment=&#8221;center&#8221; custom_margin=&#8221;-27px|||||&#8221; custom_padding=&#8221;||15px|||&#8221; animation_style=&#8221;slide&#8221; animation_direction=&#8221;right&#8221;]<\/p>\n<h2>\u00daltimas propiedades<\/h2>\n<h3>Pod\u00e9s ver casas, lotes y campos en venta en la zona de Ascochinga, Villa Ani Mi, La Granja y Las Vertientes de La Granja<\/h3>\n<p>[\/et_pb_text][et_pb_shop show_pagination=&#8221;on&#8221; columns_number=&#8221;3&#8243; icon_hover_color=&#8221;#ffffff&#8221; hover_overlay_color=&#8221;rgba(78,120,34,0.43)&#8221; hover_icon=&#8221;%%52%%&#8221; _builder_version=&#8221;4.4.8&#8243; title_font=&#8221;Lato|700|||||||&#8221; title_text_align=&#8221;center&#8221; title_font_size=&#8221;150%&#8221; price_font=&#8221;Lato|900|||||||&#8221; price_text_align=&#8221;center&#8221; price_text_color=&#8221;#4e7822&#8243; price_font_size=&#8221;120%&#8221; child_filter_saturate=&#8221;105%&#8221; animation_style=&#8221;fade&#8221;][\/et_pb_shop][\/et_pb_column][\/et_pb_row][\/et_pb_section][et_pb_section fb_built=&#8221;1&#8243; _builder_version=&#8221;4.4.8&#8243; background_color=&#8221;#fe893d&#8221; background_image=&#8221;http:\/\/lopezinmobiliaria.com\/wp-content\/uploads\/2020\/09\/La-Granja.jpg&#8221; parallax=&#8221;on&#8221; custom_padding=&#8221;78px||78px|||&#8221; global_module=&#8221;3661&#8243; saved_tabs=&#8221;all&#8221;][et_pb_row column_structure=&#8221;1_2,1_2&#8243; module_id=&#8221;solicitar-info&#8221; _builder_version=&#8221;4.4.8&#8243; custom_padding=&#8221;30px|||||&#8221;][et_pb_column type=&#8221;1_2&#8243; _builder_version=&#8221;4.4.8&#8243;][et_pb_text _builder_version=&#8221;4.4.8&#8243; text_font=&#8221;Lato|900|||||||&#8221; text_text_color=&#8221;#ffffff&#8221; text_font_size=&#8221;265%&#8221; text_line_height=&#8221;1.2em&#8221; custom_margin=&#8221;||2px|||&#8221; animation_style=&#8221;slide&#8221; animation_direction=&#8221;left&#8221; text_text_shadow_style=&#8221;preset3&#8243;]<\/p>\n<p>\u00bfTe gustar\u00eda saber m\u00e1s sobre esta propiedad?<\/p>\n<p>[\/et_pb_text][et_pb_text _builder_version=&#8221;4.4.8&#8243; text_font=&#8221;Lato|700|||||||&#8221; text_text_color=&#8221;#ffffff&#8221; text_font_size=&#8221;150%&#8221; text_line_height=&#8221;1.2em&#8221; animation_style=&#8221;slide&#8221; animation_direction=&#8221;left&#8221; text_text_shadow_style=&#8221;preset3&#8243;]<\/p>\n<p>Te ayudamos a encontrar lo que est\u00e1s buscando<\/p>\n<p>[\/et_pb_text][et_pb_social_media_follow use_icon_font_size=&#8221;on&#8221; icon_font_size=&#8221;28px&#8221; _builder_version=&#8221;4.4.8&#8243; text_orientation=&#8221;left&#8221; animation_style=&#8221;slide&#8221; animation_direction=&#8221;left&#8221; text_shadow_style=&#8221;preset1&#8243;][et_pb_social_media_follow_network social_network=&#8221;facebook&#8221; url=&#8221;https:\/\/www.facebook.com\/lopez01inmobiliaria05\/&#8221; _builder_version=&#8221;4.4.8&#8243; background_color=&#8221;#3b5998&#8243; follow_button=&#8221;off&#8221; url_new_window=&#8221;on&#8221;]facebook[\/et_pb_social_media_follow_network][et_pb_social_media_follow_network social_network=&#8221;instagram&#8221; url=&#8221;https:\/\/www.instagram.com\/serviciosinmobiliarioslopes1\/&#8221; _builder_version=&#8221;4.4.8&#8243; background_color=&#8221;#ea2c59&#8243; follow_button=&#8221;off&#8221; url_new_window=&#8221;on&#8221;]instagram[\/et_pb_social_media_follow_network][\/et_pb_social_media_follow][\/et_pb_column][et_pb_column type=&#8221;1_2&#8243; _builder_version=&#8221;4.4.8&#8243;][et_pb_contact_form captcha=&#8221;off&#8221; email=&#8221;serviciosinmobiliarioslopez@hotmail.com&#8221; _builder_version=&#8221;4.4.8&#8243; custom_button=&#8221;on&#8221; button_text_size=&#8221;20px&#8221; button_text_color=&#8221;#ffffff&#8221; button_bg_color=&#8221;#fe893d&#8221; button_border_color=&#8221;#fe893d&#8221; button_border_radius=&#8221;10px&#8221; button_font=&#8221;Lato|700||on|||||&#8221; animation_style=&#8221;slide&#8221; animation_direction=&#8221;right&#8221; box_shadow_style=&#8221;preset1&#8243;][et_pb_contact_field field_id=&#8221;Nombre&#8221; field_title=&#8221;Nombre&#8221; fullwidth_field=&#8221;on&#8221; _builder_version=&#8221;4.4.8&#8243; button_text_size__hover_enabled=&#8221;off&#8221; button_one_text_size__hover_enabled=&#8221;off&#8221; button_two_text_size__hover_enabled=&#8221;off&#8221; button_text_color__hover_enabled=&#8221;off&#8221; button_one_text_color__hover_enabled=&#8221;off&#8221; button_two_text_color__hover_enabled=&#8221;off&#8221; button_border_width__hover_enabled=&#8221;off&#8221; button_one_border_width__hover_enabled=&#8221;off&#8221; button_two_border_width__hover_enabled=&#8221;off&#8221; button_border_color__hover_enabled=&#8221;off&#8221; button_one_border_color__hover_enabled=&#8221;off&#8221; button_two_border_color__hover_enabled=&#8221;off&#8221; button_border_radius__hover_enabled=&#8221;off&#8221; button_one_border_radius__hover_enabled=&#8221;off&#8221; button_two_border_radius__hover_enabled=&#8221;off&#8221; button_letter_spacing__hover_enabled=&#8221;off&#8221; button_one_letter_spacing__hover_enabled=&#8221;off&#8221; button_two_letter_spacing__hover_enabled=&#8221;off&#8221; button_bg_color__hover_enabled=&#8221;off&#8221; button_one_bg_color__hover_enabled=&#8221;off&#8221; button_two_bg_color__hover_enabled=&#8221;off&#8221;][\/et_pb_contact_field][et_pb_contact_field field_id=&#8221;Tel\u00e9fono&#8221; field_title=&#8221;Tel\u00e9fono&#8221; fullwidth_field=&#8221;on&#8221; _builder_version=&#8221;4.4.8&#8243; button_text_size__hover_enabled=&#8221;off&#8221; button_one_text_size__hover_enabled=&#8221;off&#8221; button_two_text_size__hover_enabled=&#8221;off&#8221; button_text_color__hover_enabled=&#8221;off&#8221; button_one_text_color__hover_enabled=&#8221;off&#8221; button_two_text_color__hover_enabled=&#8221;off&#8221; button_border_width__hover_enabled=&#8221;off&#8221; button_one_border_width__hover_enabled=&#8221;off&#8221; button_two_border_width__hover_enabled=&#8221;off&#8221; button_border_color__hover_enabled=&#8221;off&#8221; button_one_border_color__hover_enabled=&#8221;off&#8221; button_two_border_color__hover_enabled=&#8221;off&#8221; button_border_radius__hover_enabled=&#8221;off&#8221; button_one_border_radius__hover_enabled=&#8221;off&#8221; button_two_border_radius__hover_enabled=&#8221;off&#8221; button_letter_spacing__hover_enabled=&#8221;off&#8221; button_one_letter_spacing__hover_enabled=&#8221;off&#8221; button_two_letter_spacing__hover_enabled=&#8221;off&#8221; button_bg_color__hover_enabled=&#8221;off&#8221; button_one_bg_color__hover_enabled=&#8221;off&#8221; button_two_bg_color__hover_enabled=&#8221;off&#8221;][\/et_pb_contact_field][et_pb_contact_field field_id=&#8221;Correo_electr\u00f3nico&#8221; field_title=&#8221;Correo electr\u00f3nico &#8221; fullwidth_field=&#8221;on&#8221; _builder_version=&#8221;4.4.8&#8243; button_text_size__hover_enabled=&#8221;off&#8221; button_one_text_size__hover_enabled=&#8221;off&#8221; button_two_text_size__hover_enabled=&#8221;off&#8221; button_text_color__hover_enabled=&#8221;off&#8221; button_one_text_color__hover_enabled=&#8221;off&#8221; button_two_text_color__hover_enabled=&#8221;off&#8221; button_border_width__hover_enabled=&#8221;off&#8221; button_one_border_width__hover_enabled=&#8221;off&#8221; button_two_border_width__hover_enabled=&#8221;off&#8221; button_border_color__hover_enabled=&#8221;off&#8221; button_one_border_color__hover_enabled=&#8221;off&#8221; button_two_border_color__hover_enabled=&#8221;off&#8221; button_border_radius__hover_enabled=&#8221;off&#8221; button_one_border_radius__hover_enabled=&#8221;off&#8221; button_two_border_radius__hover_enabled=&#8221;off&#8221; button_letter_spacing__hover_enabled=&#8221;off&#8221; button_one_letter_spacing__hover_enabled=&#8221;off&#8221; button_two_letter_spacing__hover_enabled=&#8221;off&#8221; button_bg_color__hover_enabled=&#8221;off&#8221; button_one_bg_color__hover_enabled=&#8221;off&#8221; button_two_bg_color__hover_enabled=&#8221;off&#8221;][\/et_pb_contact_field][et_pb_contact_field field_id=&#8221;Mensaje&#8221; field_title=&#8221;Mensaje&#8221; field_type=&#8221;text&#8221; fullwidth_field=&#8221;on&#8221; _builder_version=&#8221;4.4.8&#8243; button_text_size__hover_enabled=&#8221;off&#8221; button_one_text_size__hover_enabled=&#8221;off&#8221; button_two_text_size__hover_enabled=&#8221;off&#8221; button_text_color__hover_enabled=&#8221;off&#8221; button_one_text_color__hover_enabled=&#8221;off&#8221; button_two_text_color__hover_enabled=&#8221;off&#8221; button_border_width__hover_enabled=&#8221;off&#8221; button_one_border_width__hover_enabled=&#8221;off&#8221; button_two_border_width__hover_enabled=&#8221;off&#8221; button_border_color__hover_enabled=&#8221;off&#8221; button_one_border_color__hover_enabled=&#8221;off&#8221; button_two_border_color__hover_enabled=&#8221;off&#8221; button_border_radius__hover_enabled=&#8221;off&#8221; button_one_border_radius__hover_enabled=&#8221;off&#8221; button_two_border_radius__hover_enabled=&#8221;off&#8221; button_letter_spacing__hover_enabled=&#8221;off&#8221; button_one_letter_spacing__hover_enabled=&#8221;off&#8221; button_two_letter_spacing__hover_enabled=&#8221;off&#8221; button_bg_color__hover_enabled=&#8221;off&#8221; button_one_bg_color__hover_enabled=&#8221;off&#8221; button_two_bg_color__hover_enabled=&#8221;off&#8221;][\/et_pb_contact_field][\/et_pb_contact_form][\/et_pb_column][\/et_pb_row][\/et_pb_section]<\/p>\n","protected":false},"excerpt":{"rendered":"<p>Contacto Tel\u00e9fono: +54 9 3525 64-6307 \u00bfQu\u00e9 est\u00e1s buscando? \u00daltimas propiedades Pod\u00e9s ver casas, lotes y campos en venta en la zona de Ascochinga, Villa Ani Mi, La Granja y Las Vertientes de La Granja \u00bfTe gustar\u00eda saber m\u00e1s sobre esta propiedad? Te ayudamos a encontrar lo que est\u00e1s buscando<\/p>\n","protected":false},"author":1,"featured_media":0,"parent":0,"menu_order":0,"comment_status":"closed","ping_status":"closed","template":"","meta":{"_et_pb_use_builder":"on","_et_pb_old_content":"<!-- wp:divi\/placeholder \/-->","_et_gb_content_width":"","footnotes":""},"class_list":["post-3470","page","type-page","status-publish","hentry"],"_links":{"self":[{"href":"https:\/\/lopezinmobiliaria.com\/index.php\/wp-json\/wp\/v2\/pages\/3470","targetHints":{"allow":["GET"]}}],"collection":[{"href":"https:\/\/lopezinmobiliaria.com\/index.php\/wp-json\/wp\/v2\/pages"}],"about":[{"href":"https:\/\/lopezinmobiliaria.com\/index.php\/wp-json\/wp\/v2\/types\/page"}],"author":[{"embeddable":true,"href":"https:\/\/lopezinmobiliaria.com\/index.php\/wp-json\/wp\/v2\/users\/1"}],"replies":[{"embeddable":true,"href":"https:\/\/lopezinmobiliaria.com\/index.php\/wp-json\/wp\/v2\/comments?post=3470"}],"version-history":[{"count":38,"href":"https:\/\/lopezinmobiliaria.com\/index.php\/wp-json\/wp\/v2\/pages\/3470\/revisions"}],"predecessor-version":[{"id":4537,"href":"https:\/\/lopezinmobiliaria.com\/index.php\/wp-json\/wp\/v2\/pages\/3470\/revisions\/4537"}],"wp:attachment":[{"href":"https:\/\/lopezinmobiliaria.com\/index.php\/wp-json\/wp\/v2\/media?parent=3470"}],"curies":[{"name":"wp","href":"https:\/\/api.w.org\/{rel}","templated":true}]}}